{"id":3430,"date":"2016-02-27T15:39:41","date_gmt":"2016-02-27T18:39:41","guid":{"rendered":"http:\/\/www.syspro.com.ar\/sitio\/?page_id=3430"},"modified":"2024-04-26T16:52:15","modified_gmt":"2024-04-26T19:52:15","slug":"software","status":"publish","type":"page","link":"https:\/\/syspro.com.ar\/sitio\/home\/software\/","title":{"rendered":"Software"},"content":{"rendered":"<div id=\"pl-3430\"  class=\"panel-layout\" ><div id=\"pg-3430-0\"  class=\"panel-grid panel-has-style\" ><div class=\"siteorigin-panels-stretch panel-row-style panel-row-style-for-3430-0\" style=\"border-bottom: 1px solid #262626;background-image: url(https:\/\/syspro.com.ar\/sitio\/wp-content\/uploads\/2016\/02\/Coding_with_Style-2_uhd-compressor.jpg);padding: 150px 0; \" data-stretch-type=\"full\" data-hasbg=\"hasbg\" data-overlay=\"true\" ><div id=\"pgc-3430-0-0\"  class=\"panel-grid-cell\" ><div id=\"panel-3430-0-0-0\" class=\"so-panel widget widget_sow-editor panel-first-child panel-last-child\" data-index=\"0\" ><div class=\"animated bounceInRight duration2 eds-on-scroll  panel-widget-style panel-widget-style-for-3430-0-0-0\" ><div\n\t\t\t\n\t\t\tclass=\"so-widget-sow-editor so-widget-sow-editor-base\"\n\t\t\t\n\t\t>\n<div class=\"siteorigin-widget-tinymce textwidget\">\n\t<h1 style=\"text-align: center;\"><span style=\"color: #e5e5e5;\"><strong>Desarrollo de Software<\/strong><\/span><\/h1>\n<p style=\"text-align: center;\"><span style=\"font-size: 16px; line-height: 1.5; color: #6394bf;\"><span style=\"text-decoration: underline;\">\u00a0 \u00a0 \u00a0 \u00a0 \u00a0 \u00a0 \u00a0 \u00a0 \u00a0 \u00a0 \u00a0 \u00a0 \u00a0 \u00a0 \u00a0\u00a0<\/span><\/span><\/p>\n<\/div>\n<\/div><\/div><\/div><\/div><\/div><\/div><div id=\"pg-3430-1\"  class=\"panel-grid panel-has-style\" ><div class=\"down-scroller-row panel-row-style panel-row-style-for-3430-1\" style=\"padding: 0px 0; \" data-overlay=\"true\" ><div id=\"pgc-3430-1-0\"  class=\"panel-grid-cell\" ><div id=\"panel-3430-1-0-0\" class=\"so-panel widget widget_text panel-first-child panel-last-child\" data-index=\"1\" >\t\t\t<div class=\"textwidget\"><a href=\"#pg-3430-2\">&#xf107<\/a><\/div>\n\t\t<\/div><\/div><\/div><\/div><div id=\"pg-3430-2\"  class=\"panel-grid panel-has-style\" ><div class=\"siteorigin-panels-stretch panel-row-style panel-row-style-for-3430-2\" style=\"padding: 0px 0; \" data-stretch-type=\"full-stretched\" data-overlay=\"true\" ><div id=\"pgc-3430-2-0\"  class=\"panel-grid-cell\" ><div id=\"panel-3430-2-0-0\" class=\"so-panel widget widget_text panel-first-child\" data-index=\"2\" ><div class=\"panel-widget-style panel-widget-style-for-3430-2-0-0\" ><h3 class=\"widget-title\">Depofis v.5.0 CE<\/h3>\t\t\t<div class=\"textwidget\">El Sistema Depofis en su Versi\u00f3n Full 5.0 es un sistema de gesti\u00f3n especializado para Dep\u00f3sitos Fiscales y\/o de Mercader\u00edas de Importaci\u00f3n, Exportaci\u00f3n y Nacionalizadas como valor agregado, ademas del subsistema de gesti\u00f3n administrativo contable...<\/div>\n\t\t<\/div><\/div><div id=\"panel-3430-2-0-1\" class=\"so-panel widget widget_sydney_action sydney_action_widget panel-last-child\" data-index=\"3\" >        <div class=\"roll-promobox \">\r\n\t\t\t<div class=\"promo-wrap\">\r\n\t\t\t\t\t\t\t\t<div class=\"promo-controls\">\r\n\t\t\t\t\t<a href=\"https:\/\/syspro.com.ar\/sitio\/home\/software\/depofis\/\" class=\"roll-button border\">Ver m\u00e1s<\/a>\r\n\t\t\t\t<\/div>\r\n\t\t\t<\/div>\r\n        <\/div>\r\n\t<\/div><\/div><div id=\"pgc-3430-2-1\"  class=\"panel-grid-cell\" ><\/div><\/div><\/div><div id=\"pg-3430-3\"  class=\"panel-grid panel-has-style\" ><div class=\"siteorigin-panels-stretch panel-row-style panel-row-style-for-3430-3\" style=\"padding: 0px 0; \" data-stretch-type=\"full-stretched\" data-overlay=\"true\" ><div id=\"pgc-3430-3-0\"  class=\"panel-grid-cell\" ><\/div><div id=\"pgc-3430-3-1\"  class=\"panel-grid-cell\" ><div id=\"panel-3430-3-1-0\" class=\"so-panel widget widget_text panel-first-child\" data-index=\"6\" ><div class=\"panel-widget-style panel-widget-style-for-3430-3-1-0\" ><h3 class=\"widget-title\">iDepofis v.1.0 Intranet-Extranet<\/h3>\t\t\t<div class=\"textwidget\">El producto iDepofis es una extensi\u00f3n Web del tipo 3.0 desarrollada con las ultimas herramientas inform\u00e1ticas para proveer informaci\u00f3n e interacci\u00f3n la cual impacta y trabaja en forma conjunta con el Depofis CE 5.0, en adelante desarrollaremos las bondades de este complemento ideal, para fortalecer el valor agregado a sus ventas, brind\u00e1ndole informaci\u00f3n en tiempo real a sus clientes como as\u00ed tambi\u00e9n, acceso a informaci\u00f3n exclusiva para la direcci\u00f3n del a Empresa, ya que este producto esta compuesto por 2 unidades, Intranet-Extranet y Business Intelligence, las cuales pueden comercializarse juntas o por separado.<\/div>\n\t\t<\/div><\/div><div id=\"panel-3430-3-1-1\" class=\"so-panel widget widget_sydney_action sydney_action_widget panel-last-child\" data-index=\"7\" >        <div class=\"roll-promobox \">\r\n\t\t\t<div class=\"promo-wrap\">\r\n\t\t\t\t\t\t\t\t<div class=\"promo-controls\">\r\n\t\t\t\t\t<a href=\"https:\/\/syspro.com.ar\/sitio\/home\/software\/idepofis-intranet-extranet\/\" class=\"roll-button border\">Ver m\u00e1s<\/a>\r\n\t\t\t\t<\/div>\r\n\t\t\t<\/div>\r\n        <\/div>\r\n\t<\/div><\/div><\/div><\/div><div id=\"pg-3430-4\"  class=\"panel-grid panel-has-style\" ><div class=\"siteorigin-panels-stretch panel-row-style panel-row-style-for-3430-4\" style=\"padding: 0px 0; \" data-stretch-type=\"full-stretched\" data-overlay=\"true\" ><div id=\"pgc-3430-4-0\"  class=\"panel-grid-cell\" ><div id=\"panel-3430-4-0-0\" class=\"so-panel widget widget_text panel-first-child\" data-index=\"8\" ><div class=\"panel-widget-style panel-widget-style-for-3430-4-0-0\" ><h3 class=\"widget-title\">iDepofis v.1.0 Business Intelligence<\/h3>\t\t\t<div class=\"textwidget\">El producto iDepofis es una extensi\u00f3n Web del tipo 3.0 desarrollada con las ultimas herramientas inform\u00e1ticas para proveer informaci\u00f3n e interacci\u00f3n la cual impacta y trabaja en forma conjunta con el Depofis CE 5.0, en adelante desarrollaremos las bondades de este complemento ideal, para fortalecer el valor agregado a sus ventas, brind\u00e1ndole informaci\u00f3n en tiempo real a sus clientes como as\u00ed tambi\u00e9n, acceso a informaci\u00f3n exclusiva para la direcci\u00f3n del a Empresa, ya que este producto esta compuesto por 2 unidades, Intranet-Extranet y Business Intelligence, las cuales pueden comercializarse juntas o por separado.<\/div>\n\t\t<\/div><\/div><div id=\"panel-3430-4-0-1\" class=\"so-panel widget widget_sydney_action sydney_action_widget panel-last-child\" data-index=\"9\" >        <div class=\"roll-promobox \">\r\n\t\t\t<div class=\"promo-wrap\">\r\n\t\t\t\t\t\t\t\t<div class=\"promo-controls\">\r\n\t\t\t\t\t<a href=\"https:\/\/syspro.com.ar\/sitio\/home\/software\/idepofis-business-intelligence\/\" class=\"roll-button border\">Ver m\u00e1s<\/a>\r\n\t\t\t\t<\/div>\r\n\t\t\t<\/div>\r\n        <\/div>\r\n\t<\/div><\/div><div id=\"pgc-3430-4-1\"  class=\"panel-grid-cell\" ><\/div><\/div><\/div><div id=\"pg-3430-5\"  class=\"panel-grid panel-has-style\" ><div class=\"siteorigin-panels-stretch panel-row-style panel-row-style-for-3430-5\" style=\"padding: 0px 0; \" data-stretch-type=\"full-stretched\" data-overlay=\"true\" ><div id=\"pgc-3430-5-0\"  class=\"panel-grid-cell\" ><\/div><div id=\"pgc-3430-5-1\"  class=\"panel-grid-cell\" ><div id=\"panel-3430-5-1-0\" class=\"so-panel widget widget_text panel-first-child\" data-index=\"12\" ><div class=\"panel-widget-style panel-widget-style-for-3430-5-1-0\" ><h3 class=\"widget-title\">Depofis Collectors<\/h3>\t\t\t<div class=\"textwidget\">Depofis Collectors es un sistema para el control de los galpones de mercader\u00edas por medio de colectores de datos e impresi\u00f3n de etiquetas de c\u00f3digos de barra, integrado con el sistema Depofis 5.0.\nSera una aplicaci\u00f3n independiente la cual podr\u00e1n ejecutar por medio del acceso RDP de los colectores que integran los sistemas operativos Windows Mobile.<\/div>\n\t\t<\/div><\/div><div id=\"panel-3430-5-1-1\" class=\"so-panel widget widget_sydney_action sydney_action_widget panel-last-child\" data-index=\"13\" >        <div class=\"roll-promobox \">\r\n\t\t\t<div class=\"promo-wrap\">\r\n\t\t\t\t\t\t\t\t<div class=\"promo-controls\">\r\n\t\t\t\t\t<a href=\"https:\/\/syspro.com.ar\/sitio\/home\/software\/depofis-collectors\/\" class=\"roll-button border\">Ver m\u00e1s<\/a>\r\n\t\t\t\t<\/div>\r\n\t\t\t<\/div>\r\n        <\/div>\r\n\t<\/div><\/div><\/div><\/div><div id=\"pg-3430-6\"  class=\"panel-grid panel-has-style\" ><div class=\"siteorigin-panels-stretch panel-row-style panel-row-style-for-3430-6\" style=\"padding: 0px 0; \" data-stretch-type=\"full-stretched\" data-overlay=\"true\" ><div id=\"pgc-3430-6-0\"  class=\"panel-grid-cell\" ><div id=\"panel-3430-6-0-0\" class=\"so-panel widget widget_text panel-first-child\" data-index=\"14\" ><div class=\"panel-widget-style panel-widget-style-for-3430-6-0-0\" ><h3 class=\"widget-title\">Aguila.Net<\/h3>\t\t\t<div class=\"textwidget\">El Sistema Aguila.Net esta pensado para la gesti\u00f3n de alquileres de bienes de servicios y de stock. Dise\u00f1ando en tecnolog\u00eda .NET y base de datos SQL, hacen que las m\u00faltiples funcionalidades que el sistema brinda sean para poder realizar una operatoria y seguimiento seguro por parte de los usuarios.<\/div>\n\t\t<\/div><\/div><div id=\"panel-3430-6-0-1\" class=\"so-panel widget widget_sydney_action sydney_action_widget panel-last-child\" data-index=\"15\" >        <div class=\"roll-promobox \">\r\n\t\t\t<div class=\"promo-wrap\">\r\n\t\t\t\t\t\t\t\t<div class=\"promo-controls\">\r\n\t\t\t\t\t<a href=\"https:\/\/syspro.com.ar\/sitio\/home\/software\/aguila-net\/\" class=\"roll-button border\">Ver m\u00e1s<\/a>\r\n\t\t\t\t<\/div>\r\n\t\t\t<\/div>\r\n        <\/div>\r\n\t<\/div><\/div><div id=\"pgc-3430-6-1\"  class=\"panel-grid-cell\" ><\/div><\/div><\/div><div id=\"pg-3430-7\"  class=\"panel-grid panel-has-style\" ><div class=\"siteorigin-panels-stretch panel-row-style panel-row-style-for-3430-7\" style=\"padding: 100px 0; \" data-stretch-type=\"full-stretched\" data-overlay=\"true\" ><div id=\"pgc-3430-7-0\"  class=\"panel-grid-cell\" ><div id=\"panel-3430-7-0-0\" class=\"so-panel widget widget_siteorigin-panels-builder panel-first-child panel-last-child\" data-index=\"17\" ><div id=\"pl-w575ed2d14de60\"  class=\"panel-layout\" ><div id=\"pg-w575ed2d14de60-0\"  class=\"panel-grid panel-has-style\" ><div style=\"color: #e5e5e5;padding: 0px 0; \" data-hascolor=\"hascolor\" data-overlay=\"true\" class=\"panel-row-style panel-row-style-for-w575ed2d14de60-0\" ><div id=\"pgc-w575ed2d14de60-0-0\"  class=\"panel-grid-cell\" ><div id=\"panel-w575ed2d14de60-0-0-0\" class=\"so-panel widget widget_sow-editor panel-first-child panel-last-child\" data-index=\"0\" ><div\n\t\t\t\n\t\t\tclass=\"so-widget-sow-editor so-widget-sow-editor-base\"\n\t\t\t\n\t\t><h3 class=\"widget-title\">Otros Sistemas Inform\u00e1ticos<\/h3>\n<div class=\"siteorigin-widget-tinymce textwidget\">\n\t<\/div>\n<\/div><\/div><\/div><\/div><\/div><div id=\"pg-w575ed2d14de60-1\"  class=\"panel-grid panel-has-style\" ><div style=\"padding: 0px 0; \" data-overlay=\"true\" class=\"panel-row-style panel-row-style-for-w575ed2d14de60-1\" ><div id=\"pgc-w575ed2d14de60-1-0\"  class=\"panel-grid-cell\" ><div id=\"panel-w575ed2d14de60-1-0-0\" class=\"so-panel widget widget_sow-editor panel-first-child panel-last-child\" data-index=\"1\" ><div\n\t\t\t\n\t\t\tclass=\"so-widget-sow-editor so-widget-sow-editor-base\"\n\t\t\t\n\t\t>\n<div class=\"siteorigin-widget-tinymce textwidget\">\n\t<p style=\"text-align: center;\"><span style=\"color: #e5e5e5;\"><strong>AdmiGas v.1.0<\/strong><\/span><\/p>\n<hr \/>\n<p style=\"text-align: center;\"><span style=\"color: #e5e5e5;\"><strong>Agenda v.1.0<\/strong><\/span><\/p>\n<hr \/>\n<p style=\"text-align: center;\"><span style=\"color: #e5e5e5;\"><strong>Asset Management v.1.0<\/strong><\/span><\/p>\n<hr \/>\n<p style=\"text-align: center;\"><span style=\"color: #e5e5e5;\"><strong>OneBank Pack\u00a0<\/strong><\/span><\/p>\n<p style=\"text-align: center;\"><span style=\"color: #e5e5e5;\"><em>Wincov, PlanCob, Scoring II, Maport, Amep, Anenti.<\/em><\/span><\/p>\n<\/div>\n<\/div><\/div><\/div><div id=\"pgc-w575ed2d14de60-1-1\"  class=\"panel-grid-cell\" ><div id=\"panel-w575ed2d14de60-1-1-0\" class=\"so-panel widget widget_sow-editor panel-first-child panel-last-child\" data-index=\"2\" ><div\n\t\t\t\n\t\t\tclass=\"so-widget-sow-editor so-widget-sow-editor-base\"\n\t\t\t\n\t\t>\n<div class=\"siteorigin-widget-tinymce textwidget\">\n\t<p style=\"text-align: center;\"><span style=\"color: #e5e5e5;\"><strong>Predesa v.1.0<\/strong><\/span><\/p>\n<hr \/>\n<p style=\"text-align: center;\"><span style=\"color: #e5e5e5;\"><strong>Rutas v.2.0<\/strong><\/span><\/p>\n<hr \/>\n<p style=\"text-align: center;\"><span style=\"color: #e5e5e5;\"><strong>GVW v.1.0<\/strong><\/span><\/p>\n<hr \/>\n<p style=\"text-align: center;\"><span style=\"color: #e5e5e5;\"><strong>Sopa v.1.0<\/strong><\/span><\/p>\n<p style=\"text-align: center;\"><span style=\"color: #e5e5e5;\">\u00a0<\/span><\/p>\n<\/div>\n<\/div><\/div><\/div><\/div><\/div><div id=\"pg-w575ed2d14de60-2\"  class=\"panel-grid panel-has-style\" ><div style=\"padding: 0px 0; \" data-overlay=\"true\" class=\"panel-row-style panel-row-style-for-w575ed2d14de60-2\" ><div id=\"pgc-w575ed2d14de60-2-0\"  class=\"panel-grid-cell\" ><div id=\"panel-w575ed2d14de60-2-0-0\" class=\"so-panel widget widget_sydney_action sydney_action_widget panel-first-child panel-last-child\" data-index=\"3\" >        <div class=\"roll-promobox \">\r\n\t\t\t<div class=\"promo-wrap\">\r\n\t\t\t\t\t\t\t\t<div class=\"promo-controls\">\r\n\t\t\t\t\t<a href=\"https:\/\/syspro.com.ar\/sitio\/home\/software\/otros-sistemas\/\" class=\"roll-button border\">Ver M\u00e1s<\/a>\r\n\t\t\t\t<\/div>\r\n\t\t\t<\/div>\r\n        <\/div>\r\n\t<\/div><\/div><\/div><\/div><\/div><\/div><\/div><\/div><\/div><div id=\"pg-3430-8\"  class=\"panel-grid panel-has-style\" ><div class=\"siteorigin-panels-stretch panel-row-style panel-row-style-for-3430-8\" style=\"padding: 30px 0; \" data-stretch-type=\"full\" data-overlay=\"true\" ><div id=\"pgc-3430-8-0\"  class=\"panel-grid-cell\" ><div id=\"panel-3430-8-0-0\" class=\"so-panel widget widget_fp_social panel-first-child panel-last-child\" data-index=\"18\" ><div class=\" animated pulse duration20 infinite panel-widget-style panel-widget-style-for-3430-8-0-0\" >\t\t\t\t\t\t<div class=\"menu-social-container\"><ul id=\"menu-social\" class=\"menu social-menu-widget clearfix\"><li id=\"menu-item-2527\" class=\"menu-item menu-item-type-custom menu-item-object-custom menu-item-2527\"><a href=\"https:\/\/www.facebook.com\/SysPro-Consulting-227801363931833\/\"><span class=\"screen-reader-text\">Facebook<\/span><\/a><\/li>\n<li id=\"menu-item-2523\" class=\"menu-item menu-item-type-custom menu-item-object-custom menu-item-2523\"><a href=\"https:\/\/twitter.com\/sysproArg\"><span class=\"screen-reader-text\">Twitter<\/span><\/a><\/li>\n<li id=\"menu-item-2839\" class=\"menu-item menu-item-type-custom menu-item-object-custom menu-item-2839\"><a href=\"https:\/\/linkedin.com\"><span class=\"screen-reader-text\">Linkedin<\/span><\/a><\/li>\n<li id=\"menu-item-2840\" class=\"menu-item menu-item-type-custom menu-item-object-custom menu-item-2840\"><a href=\"https:\/\/www.youtube.com\/channel\/UCRbihV-4nQFX8N6xwjNrm_w\"><span class=\"screen-reader-text\">Youtube<\/span><\/a><\/li>\n<!--<pre>--><!--<\/pre>--><\/ul><\/div>\t\r\n\t\t<\/div><\/div><\/div><\/div><\/div><\/div>","protected":false},"excerpt":{"rendered":"<p>Desarrollo de Software\u00a0 \u00a0 \u00a0 \u00a0 \u00a0 \u00a0 \u00a0 \u00a0 \u00a0 \u00a0 \u00a0 \u00a0 \u00a0 \u00a0 \u00a0\u00a0 &#038;#xf107<\/p>\n","protected":false},"author":1,"featured_media":0,"parent":8,"menu_order":0,"comment_status":"closed","ping_status":"closed","template":"page-templates\/page_front-page.php","meta":{"_bbp_topic_count":0,"_bbp_reply_count":0,"_bbp_total_topic_count":0,"_bbp_total_reply_count":0,"_bbp_voice_count":0,"_bbp_anonymous_reply_count":0,"_bbp_topic_count_hidden":0,"_bbp_reply_count_hidden":0,"_bbp_forum_subforum_count":0,"footnotes":""},"class_list":["post-3430","page","type-page","status-publish","hentry"],"_links":{"self":[{"href":"https:\/\/syspro.com.ar\/sitio\/wp-json\/wp\/v2\/pages\/3430","targetHints":{"allow":["GET"]}}],"collection":[{"href":"https:\/\/syspro.com.ar\/sitio\/wp-json\/wp\/v2\/pages"}],"about":[{"href":"https:\/\/syspro.com.ar\/sitio\/wp-json\/wp\/v2\/types\/page"}],"author":[{"embeddable":true,"href":"https:\/\/syspro.com.ar\/sitio\/wp-json\/wp\/v2\/users\/1"}],"replies":[{"embeddable":true,"href":"https:\/\/syspro.com.ar\/sitio\/wp-json\/wp\/v2\/comments?post=3430"}],"version-history":[{"count":88,"href":"https:\/\/syspro.com.ar\/sitio\/wp-json\/wp\/v2\/pages\/3430\/revisions"}],"predecessor-version":[{"id":6155,"href":"https:\/\/syspro.com.ar\/sitio\/wp-json\/wp\/v2\/pages\/3430\/revisions\/6155"}],"up":[{"embeddable":true,"href":"https:\/\/syspro.com.ar\/sitio\/wp-json\/wp\/v2\/pages\/8"}],"wp:attachment":[{"href":"https:\/\/syspro.com.ar\/sitio\/wp-json\/wp\/v2\/media?parent=3430"}],"curies":[{"name":"wp","href":"https:\/\/api.w.org\/{rel}","templated":true}]}}