{"id":3749,"date":"2016-05-09T13:04:35","date_gmt":"2016-05-09T16:04:35","guid":{"rendered":"http:\/\/www.syspro.com.ar\/sitio\/?page_id=3749"},"modified":"2024-04-26T17:08:01","modified_gmt":"2024-04-26T20:08:01","slug":"idepofis-business-intelligence","status":"publish","type":"page","link":"https:\/\/syspro.com.ar\/sitio\/home\/software\/idepofis-business-intelligence\/","title":{"rendered":"iDepofis Business Intelligence"},"content":{"rendered":"<div id=\"pl-3749\"  class=\"panel-layout\" ><div id=\"pg-3749-0\"  class=\"panel-grid panel-has-style\" ><div class=\"test siteorigin-panels-stretch panel-row-style panel-row-style-for-3749-0\" style=\"padding: 0px 0; \" data-stretch-type=\"full-stretched\" data-overlay=\"true\" ><div id=\"pgc-3749-0-0\"  class=\"panel-grid-cell\" ><div id=\"panel-3749-0-0-0\" class=\"so-panel widget widget_siteorigin-panels-builder panel-first-child panel-last-child\" data-index=\"0\" ><div class=\"panel-widget-style panel-widget-style-for-3749-0-0-0\" ><div id=\"pl-w57be2e5814f52\"  class=\"panel-layout\" ><div id=\"pg-w57be2e5814f52-0\"  class=\"panel-grid panel-has-style\" ><div class=\"siteorigin-panels-stretch panel-row-style panel-row-style-for-w57be2e5814f52-0\" style=\"padding: 0px 0; \" data-stretch-type=\"full\" data-overlay=\"true\" ><div id=\"pgc-w57be2e5814f52-0-0\"  class=\"panel-grid-cell\" ><div id=\"panel-w57be2e5814f52-0-0-0\" class=\"so-panel widget widget_text panel-first-child panel-last-child\" data-index=\"0\" >\t\t\t<div class=\"textwidget\"><span class=\"collapseomatic  colomat-close\" id=\"id69e1f367ea6f0\"  tabindex=\"0\" title=\"Descripci\u00f3n del Sistema iDepofis Business Intelligence\"    >Descripci\u00f3n del Sistema iDepofis Business Intelligence<\/span><div id=\"target-id69e1f367ea6f0\" class=\"collapseomatic_content \">\n<span class=\"collapseomatic \" id=\"id69e1f367ea738\" rel=\"submenu-highlander\" tabindex=\"0\" title=\"Pantalla Principal\"    >Pantalla Principal<\/span><div id=\"target-id69e1f367ea738\" class=\"collapseomatic_content \">En la pantalla principal tendremos el acceso al manejador del portal de noticias, el Business Intelligence y la configuraci\u00f3n de par\u00e1metros globales de iDEPOFIS\n\n<\/div>\n<span class=\"collapseomatic \" id=\"id69e1f367ea799\" rel=\"submenu-highlander\" tabindex=\"0\" title=\"Portal de Noticias\"    >Portal de Noticias<\/span><div id=\"target-id69e1f367ea799\" class=\"collapseomatic_content \">El portal de noticias se maneja con todo un backend para dise\u00f1ar notas o comentarios institucionales, con un titulo principal, una rese\u00f1a corta, una imagen y el detalle completo de la misma cuando se ingresa a cada una de ellas.\n<\/div>\n<span class=\"collapseomatic \" id=\"id69e1f367ea7d6\" rel=\"submenu-highlander\" tabindex=\"0\" title=\"Parametros\"    >Parametros<\/span><div id=\"target-id69e1f367ea7d6\" class=\"collapseomatic_content \">Configurar par\u00e1metros de iDEPOFIS, para indicar las cuentas de mail para la intranet\/extranet, los usuarios, sus roles y perfiles,  ver los logs, etc.\n<\/div>\n<span class=\"collapseomatic \" id=\"id69e1f367ea80e\" rel=\"submenu-highlander\" tabindex=\"0\" title=\"Ventas\"    >Ventas<\/span><div id=\"target-id69e1f367ea80e\" class=\"collapseomatic_content \">Vista de la venta por periodos, anuales, mensuales, diarios, el comprobante, e inclusive pudiendo llegar hasta el \u00edtem de uno de ellos.\n<\/div>\n<span class=\"collapseomatic \" id=\"id69e1f367ea83d\" rel=\"submenu-highlander\" tabindex=\"0\" title=\"Cobranzas\"    >Cobranzas<\/span><div id=\"target-id69e1f367ea83d\" class=\"collapseomatic_content \">Vista de Cobranzas por periodos, anuales, mensuales, diarios, el comprobante, e inclusive pudiendo llegar hasta la modalidad y detalle del pago de los recibos.\n<\/div>\n<span class=\"collapseomatic \" id=\"id69e1f367ea867\" rel=\"submenu-highlander\" tabindex=\"0\" title=\"Dashboards\"    >Dashboards<\/span><div id=\"target-id69e1f367ea867\" class=\"collapseomatic_content \">Los Dahboards son pantallas donde tenemos indicadores de diferentes o similares or\u00edgenes, los hay propios de la aplicaci\u00f3n, y est\u00e1n los customizables para que puedan armar diferentes cubos de datos al gusto de cada usuario del BI.\nNos brinda informaci\u00f3n de estado de deuda, cobranzas, valores a Depositar, cheques en cartera, cheques girados, pudiendo llegar al nivel del dato del cheque o la informaci\u00f3n de la cuenta corriente, cartera, etc.\n<\/div>\n<\/div><\/div>\n\t\t<\/div><\/div><\/div><\/div><\/div><\/div><\/div><\/div><\/div><\/div><div id=\"pg-3749-1\"  class=\"panel-grid panel-has-style\" ><div class=\"software-portfolio siteorigin-panels-stretch panel-row-style panel-row-style-for-3749-1\" style=\"border-bottom: 1px solid #000000;color: #e5e5e5;padding: 0px 0; \" data-stretch-type=\"full-stretched\" data-hascolor=\"hascolor\" data-overlay=\"true\" ><div id=\"pgc-3749-1-0\"  class=\"panel-grid-cell\" ><div id=\"panel-3749-1-0-0\" class=\"so-panel widget widget_text panel-first-child panel-last-child\" data-index=\"1\" ><h3 class=\"widget-title\">Portfolio<\/h3>\t\t\t<div class=\"textwidget\"><div class=\"roll-project fullwidth\"><div class=\"project-wrap\" id=\"isotope-container\" data-portfolio-effect=\"fadeInUp\"><div class=\"project-item item isotope-item idepofisbi \"><a class=\"project-pop\" rel=\"lightbox[305]\" href=\"https:\/\/syspro.com.ar\/sitio\/wp-content\/uploads\/2016\/08\/idepbi1-min.jpg\"><div class=\"project-pop\"><\/div><div class=\"project-title\">iDepofis BI &#8211; Portal<\/div><\/a><a href=\"https:\/\/syspro.com.ar\/sitio\/?p=4807\"><img loading=\"lazy\" decoding=\"async\" width=\"480\" height=\"360\" src=\"https:\/\/syspro.com.ar\/sitio\/wp-content\/uploads\/2016\/08\/idepbi1-min-480x360.jpg\" class=\"attachment-sydney-mas-thumb size-sydney-mas-thumb wp-post-image\" alt=\"\" srcset=\"https:\/\/syspro.com.ar\/sitio\/wp-content\/uploads\/2016\/08\/idepbi1-min-480x360.jpg 480w, https:\/\/syspro.com.ar\/sitio\/wp-content\/uploads\/2016\/08\/idepbi1-min-300x225.jpg 300w, https:\/\/syspro.com.ar\/sitio\/wp-content\/uploads\/2016\/08\/idepbi1-min-768x576.jpg 768w, https:\/\/syspro.com.ar\/sitio\/wp-content\/uploads\/2016\/08\/idepbi1-min.jpg 1024w, https:\/\/syspro.com.ar\/sitio\/wp-content\/uploads\/2016\/08\/idepbi1-min-830x623.jpg 830w, https:\/\/syspro.com.ar\/sitio\/wp-content\/uploads\/2016\/08\/idepbi1-min-230x173.jpg 230w, https:\/\/syspro.com.ar\/sitio\/wp-content\/uploads\/2016\/08\/idepbi1-min-350x263.jpg 350w\" sizes=\"auto, (max-width: 480px) 100vw, 480px\" \/><\/a><\/div><div class=\"project-item item isotope-item idepofisbi \"><a class=\"project-pop\" rel=\"lightbox[305]\" href=\"https:\/\/syspro.com.ar\/sitio\/wp-content\/uploads\/2016\/08\/idepbi2-min.jpg\"><div class=\"project-pop\"><\/div><div class=\"project-title\">iDepofis BI &#8211; Administracion<\/div><\/a><a href=\"https:\/\/syspro.com.ar\/sitio\/?p=4824\"><img loading=\"lazy\" decoding=\"async\" width=\"480\" height=\"360\" src=\"https:\/\/syspro.com.ar\/sitio\/wp-content\/uploads\/2016\/08\/idepbi2-min-480x360.jpg\" class=\"attachment-sydney-mas-thumb size-sydney-mas-thumb wp-post-image\" alt=\"\" srcset=\"https:\/\/syspro.com.ar\/sitio\/wp-content\/uploads\/2016\/08\/idepbi2-min-480x360.jpg 480w, https:\/\/syspro.com.ar\/sitio\/wp-content\/uploads\/2016\/08\/idepbi2-min-300x225.jpg 300w, https:\/\/syspro.com.ar\/sitio\/wp-content\/uploads\/2016\/08\/idepbi2-min-768x576.jpg 768w, https:\/\/syspro.com.ar\/sitio\/wp-content\/uploads\/2016\/08\/idepbi2-min.jpg 1024w, https:\/\/syspro.com.ar\/sitio\/wp-content\/uploads\/2016\/08\/idepbi2-min-830x623.jpg 830w, https:\/\/syspro.com.ar\/sitio\/wp-content\/uploads\/2016\/08\/idepbi2-min-230x173.jpg 230w, https:\/\/syspro.com.ar\/sitio\/wp-content\/uploads\/2016\/08\/idepbi2-min-350x263.jpg 350w\" sizes=\"auto, (max-width: 480px) 100vw, 480px\" \/><\/a><\/div><div class=\"project-item item isotope-item idepofisbi \"><a class=\"project-pop\" rel=\"lightbox[305]\" href=\"https:\/\/syspro.com.ar\/sitio\/wp-content\/uploads\/2016\/08\/idepbi4-min.jpg\"><div class=\"project-pop\"><\/div><div class=\"project-title\">iDepofis BI &#8211; Graficos<\/div><\/a><a href=\"https:\/\/syspro.com.ar\/sitio\/?p=4830\"><img loading=\"lazy\" decoding=\"async\" width=\"480\" height=\"360\" src=\"https:\/\/syspro.com.ar\/sitio\/wp-content\/uploads\/2016\/08\/idepbi4-min-480x360.jpg\" class=\"attachment-sydney-mas-thumb size-sydney-mas-thumb wp-post-image\" alt=\"\" srcset=\"https:\/\/syspro.com.ar\/sitio\/wp-content\/uploads\/2016\/08\/idepbi4-min-480x360.jpg 480w, https:\/\/syspro.com.ar\/sitio\/wp-content\/uploads\/2016\/08\/idepbi4-min-300x225.jpg 300w, https:\/\/syspro.com.ar\/sitio\/wp-content\/uploads\/2016\/08\/idepbi4-min-768x576.jpg 768w, https:\/\/syspro.com.ar\/sitio\/wp-content\/uploads\/2016\/08\/idepbi4-min.jpg 1024w, https:\/\/syspro.com.ar\/sitio\/wp-content\/uploads\/2016\/08\/idepbi4-min-830x623.jpg 830w, https:\/\/syspro.com.ar\/sitio\/wp-content\/uploads\/2016\/08\/idepbi4-min-230x173.jpg 230w, https:\/\/syspro.com.ar\/sitio\/wp-content\/uploads\/2016\/08\/idepbi4-min-350x263.jpg 350w\" sizes=\"auto, (max-width: 480px) 100vw, 480px\" \/><\/a><\/div><div class=\"project-item item isotope-item idepofisbi \"><a class=\"project-pop\" rel=\"lightbox[305]\" href=\"https:\/\/syspro.com.ar\/sitio\/wp-content\/uploads\/2016\/08\/idepbi5-min.jpg\"><div class=\"project-pop\"><\/div><div class=\"project-title\">iDepofis BI &#8211; Estadisticas<\/div><\/a><a href=\"https:\/\/syspro.com.ar\/sitio\/?p=4828\"><img loading=\"lazy\" decoding=\"async\" width=\"480\" height=\"360\" src=\"https:\/\/syspro.com.ar\/sitio\/wp-content\/uploads\/2016\/08\/idepbi5-min-480x360.jpg\" class=\"attachment-sydney-mas-thumb size-sydney-mas-thumb wp-post-image\" alt=\"\" srcset=\"https:\/\/syspro.com.ar\/sitio\/wp-content\/uploads\/2016\/08\/idepbi5-min-480x360.jpg 480w, https:\/\/syspro.com.ar\/sitio\/wp-content\/uploads\/2016\/08\/idepbi5-min-300x225.jpg 300w, https:\/\/syspro.com.ar\/sitio\/wp-content\/uploads\/2016\/08\/idepbi5-min-768x576.jpg 768w, https:\/\/syspro.com.ar\/sitio\/wp-content\/uploads\/2016\/08\/idepbi5-min.jpg 1024w, https:\/\/syspro.com.ar\/sitio\/wp-content\/uploads\/2016\/08\/idepbi5-min-830x623.jpg 830w, https:\/\/syspro.com.ar\/sitio\/wp-content\/uploads\/2016\/08\/idepbi5-min-230x173.jpg 230w, https:\/\/syspro.com.ar\/sitio\/wp-content\/uploads\/2016\/08\/idepbi5-min-350x263.jpg 350w\" sizes=\"auto, (max-width: 480px) 100vw, 480px\" \/><\/a><\/div><div class=\"project-item item isotope-item idepofisbi \"><a class=\"project-pop\" rel=\"lightbox[305]\" href=\"https:\/\/syspro.com.ar\/sitio\/wp-content\/uploads\/2016\/08\/idepbi3-min.jpg\"><div class=\"project-pop\"><\/div><div class=\"project-title\">iDepofis BI &#8211; Analisis<\/div><\/a><a href=\"https:\/\/syspro.com.ar\/sitio\/?p=4826\"><img loading=\"lazy\" decoding=\"async\" width=\"480\" height=\"360\" src=\"https:\/\/syspro.com.ar\/sitio\/wp-content\/uploads\/2016\/08\/idepbi3-min-480x360.jpg\" class=\"attachment-sydney-mas-thumb size-sydney-mas-thumb wp-post-image\" alt=\"\" srcset=\"https:\/\/syspro.com.ar\/sitio\/wp-content\/uploads\/2016\/08\/idepbi3-min-480x360.jpg 480w, https:\/\/syspro.com.ar\/sitio\/wp-content\/uploads\/2016\/08\/idepbi3-min-300x225.jpg 300w, https:\/\/syspro.com.ar\/sitio\/wp-content\/uploads\/2016\/08\/idepbi3-min-768x576.jpg 768w, https:\/\/syspro.com.ar\/sitio\/wp-content\/uploads\/2016\/08\/idepbi3-min.jpg 1024w, https:\/\/syspro.com.ar\/sitio\/wp-content\/uploads\/2016\/08\/idepbi3-min-830x623.jpg 830w, https:\/\/syspro.com.ar\/sitio\/wp-content\/uploads\/2016\/08\/idepbi3-min-230x173.jpg 230w, https:\/\/syspro.com.ar\/sitio\/wp-content\/uploads\/2016\/08\/idepbi3-min-350x263.jpg 350w\" sizes=\"auto, (max-width: 480px) 100vw, 480px\" \/><\/a><\/div><\/div><\/div><\/div>\n\t\t<\/div><\/div><\/div><\/div><div id=\"pg-3749-2\"  class=\"panel-grid panel-has-style\" ><div class=\"siteorigin-panels-stretch panel-row-style panel-row-style-for-3749-2\" style=\"padding: 30px 0; \" data-stretch-type=\"full\" data-overlay=\"true\" ><div id=\"pgc-3749-2-0\"  class=\"panel-grid-cell\" ><div id=\"panel-3749-2-0-0\" class=\"so-panel widget widget_fp_social panel-first-child panel-last-child\" data-index=\"2\" ><div class=\" animated pulse duration20 infinite panel-widget-style panel-widget-style-for-3749-2-0-0\" >\t\t\t\t\t\t<div class=\"menu-social-container\"><ul id=\"menu-social\" class=\"menu social-menu-widget clearfix\"><li id=\"menu-item-2527\" class=\"menu-item menu-item-type-custom menu-item-object-custom menu-item-2527\"><a href=\"https:\/\/www.facebook.com\/SysPro-Consulting-227801363931833\/\"><span class=\"screen-reader-text\">Facebook<\/span><\/a><\/li>\n<li id=\"menu-item-2523\" class=\"menu-item menu-item-type-custom menu-item-object-custom menu-item-2523\"><a href=\"https:\/\/twitter.com\/sysproArg\"><span class=\"screen-reader-text\">Twitter<\/span><\/a><\/li>\n<li id=\"menu-item-2839\" class=\"menu-item menu-item-type-custom menu-item-object-custom menu-item-2839\"><a href=\"https:\/\/linkedin.com\"><span class=\"screen-reader-text\">Linkedin<\/span><\/a><\/li>\n<li id=\"menu-item-2840\" class=\"menu-item menu-item-type-custom menu-item-object-custom menu-item-2840\"><a href=\"https:\/\/www.youtube.com\/channel\/UCRbihV-4nQFX8N6xwjNrm_w\"><span class=\"screen-reader-text\">Youtube<\/span><\/a><\/li>\n<!--<pre>--><!--<\/pre>--><\/ul><\/div>\t\r\n\t\t<\/div><\/div><\/div><\/div><\/div><\/div>","protected":false},"excerpt":{"rendered":"<p>Descripci\u00f3n del Sistema iDepofis Business Intelligence Pantalla PrincipalEn la pantalla principal tendremos el acceso al manejador del portal de noticias, el Business Intelligence y la configuraci\u00f3n de par\u00e1metros globales de iDEPOFIS Portal de NoticiasEl portal de noticias se maneja con todo un backend para dise\u00f1ar notas o comentarios institucionales, con [&hellip;]<\/p>\n","protected":false},"author":1,"featured_media":0,"parent":3430,"menu_order":0,"comment_status":"closed","ping_status":"closed","template":"page-templates\/page_front-page.php","meta":{"_bbp_topic_count":0,"_bbp_reply_count":0,"_bbp_total_topic_count":0,"_bbp_total_reply_count":0,"_bbp_voice_count":0,"_bbp_anonymous_reply_count":0,"_bbp_topic_count_hidden":0,"_bbp_reply_count_hidden":0,"_bbp_forum_subforum_count":0,"footnotes":""},"class_list":["post-3749","page","type-page","status-publish","hentry"],"_links":{"self":[{"href":"https:\/\/syspro.com.ar\/sitio\/wp-json\/wp\/v2\/pages\/3749","targetHints":{"allow":["GET"]}}],"collection":[{"href":"https:\/\/syspro.com.ar\/sitio\/wp-json\/wp\/v2\/pages"}],"about":[{"href":"https:\/\/syspro.com.ar\/sitio\/wp-json\/wp\/v2\/types\/page"}],"author":[{"embeddable":true,"href":"https:\/\/syspro.com.ar\/sitio\/wp-json\/wp\/v2\/users\/1"}],"replies":[{"embeddable":true,"href":"https:\/\/syspro.com.ar\/sitio\/wp-json\/wp\/v2\/comments?post=3749"}],"version-history":[{"count":8,"href":"https:\/\/syspro.com.ar\/sitio\/wp-json\/wp\/v2\/pages\/3749\/revisions"}],"predecessor-version":[{"id":6165,"href":"https:\/\/syspro.com.ar\/sitio\/wp-json\/wp\/v2\/pages\/3749\/revisions\/6165"}],"up":[{"embeddable":true,"href":"https:\/\/syspro.com.ar\/sitio\/wp-json\/wp\/v2\/pages\/3430"}],"wp:attachment":[{"href":"https:\/\/syspro.com.ar\/sitio\/wp-json\/wp\/v2\/media?parent=3749"}],"curies":[{"name":"wp","href":"https:\/\/api.w.org\/{rel}","templated":true}]}}