{"id":3751,"date":"2016-05-09T13:05:20","date_gmt":"2016-05-09T16:05:20","guid":{"rendered":"http:\/\/www.syspro.com.ar\/sitio\/?page_id=3751"},"modified":"2024-04-26T17:08:19","modified_gmt":"2024-04-26T20:08:19","slug":"depofis-collectors","status":"publish","type":"page","link":"https:\/\/syspro.com.ar\/sitio\/home\/software\/depofis-collectors\/","title":{"rendered":"Depofis Collectors"},"content":{"rendered":"<div id=\"pl-3751\"  class=\"panel-layout\" ><div id=\"pg-3751-0\"  class=\"panel-grid panel-has-style\" ><div class=\"test siteorigin-panels-stretch panel-row-style panel-row-style-for-3751-0\" style=\"padding: 0px 0; \" data-stretch-type=\"full-stretched\" data-overlay=\"true\" ><div id=\"pgc-3751-0-0\"  class=\"panel-grid-cell\" ><div id=\"panel-3751-0-0-0\" class=\"so-panel widget widget_siteorigin-panels-builder panel-first-child panel-last-child\" data-index=\"0\" ><div class=\"panel-widget-style panel-widget-style-for-3751-0-0-0\" ><div id=\"pl-w57be2e3911804\"  class=\"panel-layout\" ><div id=\"pg-w57be2e3911804-0\"  class=\"panel-grid panel-has-style\" ><div class=\"siteorigin-panels-stretch panel-row-style panel-row-style-for-w57be2e3911804-0\" style=\"padding: 0px 0; \" data-stretch-type=\"full\" data-overlay=\"true\" ><div id=\"pgc-w57be2e3911804-0-0\"  class=\"panel-grid-cell\" ><div id=\"panel-w57be2e3911804-0-0-0\" class=\"so-panel widget widget_text panel-first-child panel-last-child\" data-index=\"0\" >\t\t\t<div class=\"textwidget\"><span class=\"collapseomatic  colomat-close\" id=\"id69e1f366c1c3c\"  tabindex=\"0\" title=\"Descripci\u00f3n del Sistema DEPOFIS Collectors\"    >Descripci\u00f3n del Sistema DEPOFIS Collectors<\/span><div id=\"target-id69e1f366c1c3c\" class=\"collapseomatic_content \">\n<span class=\"collapseomatic \" id=\"id69e1f366c1ca0\" rel=\"submenu-highlander\" tabindex=\"0\" title=\"Informaci\u00f3n de Carga\"    >Informaci\u00f3n de Carga<\/span><div id=\"target-id69e1f366c1ca0\" class=\"collapseomatic_content \">Esta opci\u00f3n permitir\u00e1 disparar los lectores inal\u00e1mbricos sobre las etiquetas de\nc\u00f3digos de barra previamente impresas por el sistema Depofis y pegadas sobre las\nmercader\u00edas, informando datos de las mercader\u00edas como cantidad ingresada,\nretirada, saldo, cliente, agencia, BL, Booking, descripci\u00f3n del art\u00edculo, etc.<\/div>\n<span class=\"collapseomatic \" id=\"id69e1f366c1d15\" rel=\"submenu-highlander\" tabindex=\"0\" title=\"Control de Inventario\"    >Control de Inventario<\/span><div id=\"target-id69e1f366c1d15\" class=\"collapseomatic_content \">Esta opci\u00f3n generara una consulta al sistema Depofis, para que descargue en el\ncolector de datos los saldos de las mercader\u00edas existentes en dep\u00f3sito, para luego ir\ndisparando sobre las etiquetas de CB f\u00edsicas, con posibilidad de iniciar un bucle de\ndisparos para leer en forma unitaria las cantidades de existencia cuando la estiba lo\npermita, o bien ingresar manualmente la cantidad que visiblemente detecta el\nusuario, al terminar todo el recorrido f\u00edsico, el sistema generar\u00e1 un informe en\nformato Excel resultante con las diferencias encontradas si correspondiere.<\/div>\n<span class=\"collapseomatic \" id=\"id69e1f366c1d67\" rel=\"submenu-highlander\" tabindex=\"0\" title=\"Preparaci\u00f3n del Pedido\"    >Preparaci\u00f3n del Pedido<\/span><div id=\"target-id69e1f366c1d67\" class=\"collapseomatic_content \">Aqu\u00ed el colector leer\u00e1 el CB impreso en el Puede Cargar emitido por el Depofis, para\ndetectar las mercader\u00edas y cantidades liberadas de importaci\u00f3n o necesarias para\nentregar al cliente, el usuario del colector podr\u00e1 dirigirse a la estiba correspondiente\ny disparar el lector sobre las cargas que va retirando de la estiba, o bien, puede\nejercer este control al momento de cargar las mercader\u00edas sobre el cami\u00f3n que se\nlleva las mismas, esto permitir\u00e1 no entregar cargas err\u00f3neamente.<\/div>\n<span class=\"collapseomatic \" id=\"id69e1f366c1d9b\" rel=\"submenu-highlander\" tabindex=\"0\" title=\"Control Salidas\"    >Control Salidas<\/span><div id=\"target-id69e1f366c1d9b\" class=\"collapseomatic_content \">Cuando el cami\u00f3n este cargado con todas las mercader\u00edas validadas por la opci\u00f3n -\n3-, el mismo deber\u00e1 dirigirse a la salida del dep\u00f3sito para realizar el control de\nseguridad y veracidad de la documentaci\u00f3n, es aqu\u00ed en donde el personal de\nseguridad tomar\u00e1 el Puede Cargar y le har\u00e1 una \u00faltima validaci\u00f3n con su lector fijo\nde CB, esa PC tendr\u00e1 siempre activo una opci\u00f3n del sistema en formato pagina web\nque solo espera el numero de salida del Depofis, este lo validar\u00e1 contra la\ncorrespondiente tabla en Depofis y cambiara el estado de la salida a egresada del\ndep\u00f3sito.<\/div>\n<\/div><\/div>\n\t\t<\/div><\/div><\/div><\/div><\/div><\/div><\/div><\/div><\/div><\/div><div id=\"pg-3751-1\"  class=\"panel-grid panel-has-style\" ><div class=\"software-portfolio siteorigin-panels-stretch panel-row-style panel-row-style-for-3751-1\" style=\"border-bottom: 1px solid #000000;color: #e5e5e5;padding: 0px 0; \" data-stretch-type=\"full-stretched\" data-hascolor=\"hascolor\" data-overlay=\"true\" ><div id=\"pgc-3751-1-0\"  class=\"panel-grid-cell\" ><div id=\"panel-3751-1-0-0\" class=\"so-panel widget widget_text panel-first-child panel-last-child\" data-index=\"1\" ><h3 class=\"widget-title\">Portfolio<\/h3>\t\t\t<div class=\"textwidget\"><div class=\"roll-project fullwidth\"><div class=\"project-wrap\" id=\"isotope-container\" data-portfolio-effect=\"fadeInUp\"><div class=\"project-item item isotope-item depofisc \"><a class=\"project-pop\" rel=\"lightbox[305]\" href=\"https:\/\/syspro.com.ar\/sitio\/wp-content\/uploads\/2016\/05\/collect1.jpg\"><div class=\"project-pop\"><\/div><div class=\"project-title\">Depofis Collector &#8211; Menu<\/div><\/a><a href=\"https:\/\/syspro.com.ar\/sitio\/?p=4798\"><img loading=\"lazy\" decoding=\"async\" width=\"480\" height=\"320\" src=\"https:\/\/syspro.com.ar\/sitio\/wp-content\/uploads\/2016\/05\/collect1-480x320.jpg\" class=\"attachment-sydney-mas-thumb size-sydney-mas-thumb wp-post-image\" alt=\"\" srcset=\"https:\/\/syspro.com.ar\/sitio\/wp-content\/uploads\/2016\/05\/collect1-480x320.jpg 480w, https:\/\/syspro.com.ar\/sitio\/wp-content\/uploads\/2016\/05\/collect1-300x200.jpg 300w, https:\/\/syspro.com.ar\/sitio\/wp-content\/uploads\/2016\/05\/collect1-230x153.jpg 230w, https:\/\/syspro.com.ar\/sitio\/wp-content\/uploads\/2016\/05\/collect1-350x233.jpg 350w, https:\/\/syspro.com.ar\/sitio\/wp-content\/uploads\/2016\/05\/collect1-272x182.jpg 272w, https:\/\/syspro.com.ar\/sitio\/wp-content\/uploads\/2016\/05\/collect1.jpg 600w\" sizes=\"auto, (max-width: 480px) 100vw, 480px\" \/><\/a><\/div><div class=\"project-item item isotope-item depofisc \"><a class=\"project-pop\" rel=\"lightbox[305]\" href=\"https:\/\/syspro.com.ar\/sitio\/wp-content\/uploads\/2016\/05\/collect3.jpg\"><div class=\"project-pop\"><\/div><div class=\"project-title\">Depofis Collector &#8211; Operaciones<\/div><\/a><a href=\"https:\/\/syspro.com.ar\/sitio\/?p=4800\"><img loading=\"lazy\" decoding=\"async\" width=\"480\" height=\"320\" src=\"https:\/\/syspro.com.ar\/sitio\/wp-content\/uploads\/2016\/05\/collect3-480x320.jpg\" class=\"attachment-sydney-mas-thumb size-sydney-mas-thumb wp-post-image\" alt=\"\" srcset=\"https:\/\/syspro.com.ar\/sitio\/wp-content\/uploads\/2016\/05\/collect3-480x320.jpg 480w, https:\/\/syspro.com.ar\/sitio\/wp-content\/uploads\/2016\/05\/collect3-300x200.jpg 300w, https:\/\/syspro.com.ar\/sitio\/wp-content\/uploads\/2016\/05\/collect3-230x153.jpg 230w, https:\/\/syspro.com.ar\/sitio\/wp-content\/uploads\/2016\/05\/collect3-350x233.jpg 350w, https:\/\/syspro.com.ar\/sitio\/wp-content\/uploads\/2016\/05\/collect3-272x182.jpg 272w, https:\/\/syspro.com.ar\/sitio\/wp-content\/uploads\/2016\/05\/collect3.jpg 600w\" sizes=\"auto, (max-width: 480px) 100vw, 480px\" \/><\/a><\/div><div class=\"project-item item isotope-item depofisc \"><a class=\"project-pop\" rel=\"lightbox[305]\" href=\"https:\/\/syspro.com.ar\/sitio\/wp-content\/uploads\/2016\/05\/collect2.jpg\"><div class=\"project-pop\"><\/div><div class=\"project-title\">Depofis Collector &#8211; Operaciones<\/div><\/a><a href=\"https:\/\/syspro.com.ar\/sitio\/?p=4802\"><img loading=\"lazy\" decoding=\"async\" width=\"480\" height=\"320\" src=\"https:\/\/syspro.com.ar\/sitio\/wp-content\/uploads\/2016\/05\/collect2-480x320.jpg\" class=\"attachment-sydney-mas-thumb size-sydney-mas-thumb wp-post-image\" alt=\"\" srcset=\"https:\/\/syspro.com.ar\/sitio\/wp-content\/uploads\/2016\/05\/collect2-480x320.jpg 480w, https:\/\/syspro.com.ar\/sitio\/wp-content\/uploads\/2016\/05\/collect2-300x200.jpg 300w, https:\/\/syspro.com.ar\/sitio\/wp-content\/uploads\/2016\/05\/collect2-230x153.jpg 230w, https:\/\/syspro.com.ar\/sitio\/wp-content\/uploads\/2016\/05\/collect2-350x233.jpg 350w, https:\/\/syspro.com.ar\/sitio\/wp-content\/uploads\/2016\/05\/collect2-272x182.jpg 272w, https:\/\/syspro.com.ar\/sitio\/wp-content\/uploads\/2016\/05\/collect2.jpg 600w\" sizes=\"auto, (max-width: 480px) 100vw, 480px\" \/><\/a><\/div><div class=\"project-item item isotope-item depofisc \"><a class=\"project-pop\" rel=\"lightbox[305]\" href=\"https:\/\/syspro.com.ar\/sitio\/wp-content\/uploads\/2016\/05\/collect4.jpg\"><div class=\"project-pop\"><\/div><div class=\"project-title\">Depofis Collector &#8211; Operaciones<\/div><\/a><a href=\"https:\/\/syspro.com.ar\/sitio\/?p=4804\"><img loading=\"lazy\" decoding=\"async\" width=\"480\" height=\"320\" src=\"https:\/\/syspro.com.ar\/sitio\/wp-content\/uploads\/2016\/05\/collect4-480x320.jpg\" class=\"attachment-sydney-mas-thumb size-sydney-mas-thumb wp-post-image\" alt=\"\" srcset=\"https:\/\/syspro.com.ar\/sitio\/wp-content\/uploads\/2016\/05\/collect4-480x320.jpg 480w, https:\/\/syspro.com.ar\/sitio\/wp-content\/uploads\/2016\/05\/collect4-300x200.jpg 300w, https:\/\/syspro.com.ar\/sitio\/wp-content\/uploads\/2016\/05\/collect4-230x153.jpg 230w, https:\/\/syspro.com.ar\/sitio\/wp-content\/uploads\/2016\/05\/collect4-350x233.jpg 350w, https:\/\/syspro.com.ar\/sitio\/wp-content\/uploads\/2016\/05\/collect4-272x182.jpg 272w, https:\/\/syspro.com.ar\/sitio\/wp-content\/uploads\/2016\/05\/collect4.jpg 600w\" sizes=\"auto, (max-width: 480px) 100vw, 480px\" \/><\/a><\/div><\/div><\/div><\/div>\n\t\t<\/div><\/div><\/div><\/div><div id=\"pg-3751-2\"  class=\"panel-grid panel-has-style\" ><div class=\"siteorigin-panels-stretch panel-row-style panel-row-style-for-3751-2\" style=\"padding: 30px 0; \" data-stretch-type=\"full\" data-overlay=\"true\" ><div id=\"pgc-3751-2-0\"  class=\"panel-grid-cell\" ><div id=\"panel-3751-2-0-0\" class=\"so-panel widget widget_fp_social panel-first-child panel-last-child\" data-index=\"2\" ><div class=\" animated pulse duration20 infinite panel-widget-style panel-widget-style-for-3751-2-0-0\" >\t\t\t\t\t\t<div class=\"menu-social-container\"><ul id=\"menu-social\" class=\"menu social-menu-widget clearfix\"><li id=\"menu-item-2527\" class=\"menu-item menu-item-type-custom menu-item-object-custom menu-item-2527\"><a href=\"https:\/\/www.facebook.com\/SysPro-Consulting-227801363931833\/\"><span class=\"screen-reader-text\">Facebook<\/span><\/a><\/li>\n<li id=\"menu-item-2523\" class=\"menu-item menu-item-type-custom menu-item-object-custom menu-item-2523\"><a href=\"https:\/\/twitter.com\/sysproArg\"><span class=\"screen-reader-text\">Twitter<\/span><\/a><\/li>\n<li id=\"menu-item-2839\" class=\"menu-item menu-item-type-custom menu-item-object-custom menu-item-2839\"><a href=\"https:\/\/linkedin.com\"><span class=\"screen-reader-text\">Linkedin<\/span><\/a><\/li>\n<li id=\"menu-item-2840\" class=\"menu-item menu-item-type-custom menu-item-object-custom menu-item-2840\"><a href=\"https:\/\/www.youtube.com\/channel\/UCRbihV-4nQFX8N6xwjNrm_w\"><span class=\"screen-reader-text\">Youtube<\/span><\/a><\/li>\n<!--<pre>--><!--<\/pre>--><\/ul><\/div>\t\r\n\t\t<\/div><\/div><\/div><\/div><\/div><\/div>","protected":false},"excerpt":{"rendered":"<p>Descripci\u00f3n del Sistema DEPOFIS Collectors Informaci\u00f3n de CargaEsta opci\u00f3n permitir\u00e1 disparar los lectores inal\u00e1mbricos sobre las etiquetas de c\u00f3digos de barra previamente impresas por el sistema Depofis y pegadas sobre las mercader\u00edas, informando datos de las mercader\u00edas como cantidad ingresada, retirada, saldo, cliente, agencia, BL, Booking, descripci\u00f3n del art\u00edculo, etc. [&hellip;]<\/p>\n","protected":false},"author":1,"featured_media":0,"parent":3430,"menu_order":0,"comment_status":"closed","ping_status":"closed","template":"page-templates\/page_front-page.php","meta":{"_bbp_topic_count":0,"_bbp_reply_count":0,"_bbp_total_topic_count":0,"_bbp_total_reply_count":0,"_bbp_voice_count":0,"_bbp_anonymous_reply_count":0,"_bbp_topic_count_hidden":0,"_bbp_reply_count_hidden":0,"_bbp_forum_subforum_count":0,"footnotes":""},"class_list":["post-3751","page","type-page","status-publish","hentry"],"_links":{"self":[{"href":"https:\/\/syspro.com.ar\/sitio\/wp-json\/wp\/v2\/pages\/3751","targetHints":{"allow":["GET"]}}],"collection":[{"href":"https:\/\/syspro.com.ar\/sitio\/wp-json\/wp\/v2\/pages"}],"about":[{"href":"https:\/\/syspro.com.ar\/sitio\/wp-json\/wp\/v2\/types\/page"}],"author":[{"embeddable":true,"href":"https:\/\/syspro.com.ar\/sitio\/wp-json\/wp\/v2\/users\/1"}],"replies":[{"embeddable":true,"href":"https:\/\/syspro.com.ar\/sitio\/wp-json\/wp\/v2\/comments?post=3751"}],"version-history":[{"count":8,"href":"https:\/\/syspro.com.ar\/sitio\/wp-json\/wp\/v2\/pages\/3751\/revisions"}],"predecessor-version":[{"id":6166,"href":"https:\/\/syspro.com.ar\/sitio\/wp-json\/wp\/v2\/pages\/3751\/revisions\/6166"}],"up":[{"embeddable":true,"href":"https:\/\/syspro.com.ar\/sitio\/wp-json\/wp\/v2\/pages\/3430"}],"wp:attachment":[{"href":"https:\/\/syspro.com.ar\/sitio\/wp-json\/wp\/v2\/media?parent=3751"}],"curies":[{"name":"wp","href":"https:\/\/api.w.org\/{rel}","templated":true}]}}