{"id":3753,"date":"2016-05-09T13:06:41","date_gmt":"2016-05-09T16:06:41","guid":{"rendered":"http:\/\/www.syspro.com.ar\/sitio\/?page_id=3753"},"modified":"2024-04-26T17:08:44","modified_gmt":"2024-04-26T20:08:44","slug":"aguila-net","status":"publish","type":"page","link":"https:\/\/syspro.com.ar\/sitio\/home\/software\/aguila-net\/","title":{"rendered":"Aguila.Net"},"content":{"rendered":"<div id=\"pl-3753\"  class=\"panel-layout\" ><div id=\"pg-3753-0\"  class=\"panel-grid panel-has-style\" ><div class=\"test siteorigin-panels-stretch panel-row-style panel-row-style-for-3753-0\" style=\"padding: 0px 0; \" data-stretch-type=\"full-stretched\" data-overlay=\"true\" ><div id=\"pgc-3753-0-0\"  class=\"panel-grid-cell\" ><div id=\"panel-3753-0-0-0\" class=\"so-panel widget widget_siteorigin-panels-builder panel-first-child panel-last-child\" data-index=\"0\" ><div class=\"panel-widget-style panel-widget-style-for-3753-0-0-0\" ><div id=\"pl-w57be03a312262\"  class=\"panel-layout\" ><div id=\"pg-w57be03a312262-0\"  class=\"panel-grid panel-has-style\" ><div class=\"siteorigin-panels-stretch panel-row-style panel-row-style-for-w57be03a312262-0\" style=\"padding: 0px 0; \" data-stretch-type=\"full\" data-overlay=\"true\" ><div id=\"pgc-w57be03a312262-0-0\"  class=\"panel-grid-cell\" ><div id=\"panel-w57be03a312262-0-0-0\" class=\"so-panel widget widget_text panel-first-child panel-last-child\" data-index=\"0\" >\t\t\t<div class=\"textwidget\"><span class=\"collapseomatic  colomat-close\" id=\"id69e73428e3247\"  tabindex=\"0\" title=\"Descripci\u00f3n del Sistema Aguila.Net\"    >Descripci\u00f3n del Sistema Aguila.Net<\/span><div id=\"target-id69e73428e3247\" class=\"collapseomatic_content \">\nAguila.Net es un sistema pensado para la gesti\u00f3n de alquileres de bienes de servicios y de stock. Dise\u00f1ando en tecnolog\u00eda .NET y base de datos SQL, hacen que las m\u00faltiples funcionalidades que el sistema brinda sean para poder realizar una operatoria y seguimiento seguro por parte de los usuarios. Por medio de la generaci\u00f3n de Contratos entre el cliente y la empresa, el usuario puede realizar las siguientes operaciones:\n\u2022\tEntrega de materiales por medio de pedidos\n\u2022\tDevoluciones de las remisiones de los materiales\n\u2022\tFacturar material en el cliente antes de devoluciones\n\u2022\tOrdenes de Trabajos para que equipos de trabajo de la empresa puedan realizar trabajos de obra\n\u2022\tRenovaciones de los Contratos para nuevos per\u00edodos\n\u2022\tSeguimiento de Contrato a contrato con indicadores para determinar en tiempo real estado de los mismos.\nCalendarios de agendas de grupos integradas y personalizadas a Aguila.Net por medios de Windows Sharepoint Services y\/o Sharepoint Foundation 2013, aprovechando las funcionalidades de alertas,\n<span class=\"collapseomatic \" id=\"id69e73428e329d\" rel=\"submenu-highlander\" tabindex=\"0\" title=\"Wizard de Contratos\"    >Wizard de Contratos<\/span><div id=\"target-id69e73428e329d\" class=\"collapseomatic_content \">Es el \u00e1rea de trabajo principal del usuario. Desde este m\u00f3dulo se podr\u00e1n gestionar las altas de contratos desde una cotizaci\u00f3n o presupuesto. Actualmente las cotizaciones son generadas desde Tango Gesti\u00f3n, y los presupuestos son generados por CRM. Ambos procesos pr\u00f3ximamente ser\u00e1n desarrollados \u00edntegramente en Aguila.Net, incluyendo nuevas opciones de gesti\u00f3n CRM.\nDesde el Wizard de Contratos, el usuario podr\u00e1 generar:\n\u2022\tPACs (Pedidos Adiciones asociados al contrato, que seg\u00fan su talonario, podr\u00e1n contener las tareas internas de usuario que se definan para el avance y cumplimiento del contrato, o el env\u00edo de material adicional al convenido, de los cuales se definen si posteriormente se deben facturar o necesitan ser los materiales devueltos)\n\u2022\tOT (Ordenes de Trabajos) que se asocian al contrato y a cuadrillas de trabajo de la empresa definidas en el sistema\n\u2022\tFotos, Pedidos de Retiro de Material que est\u00e1 en el cliente, estado de las remisiones versus las devoluciones de material\n\u2022\tLa Composici\u00f3n de saldos del contrato, donde se podr\u00e1 visualizar los compontes facturables del contrato, los pagos del cliente, y el saldo real del contrato\n<\/div>\n<span class=\"collapseomatic \" id=\"id69e73428e3320\" rel=\"submenu-highlander\" tabindex=\"0\" title=\"M\u00f3dulo de Renovaciones\"    >M\u00f3dulo de Renovaciones<\/span><div id=\"target-id69e73428e3320\" class=\"collapseomatic_content \">Es el \u00e1rea de trabajo desde la cual se podr\u00e1 realizar la renovaci\u00f3n del contrato, dando lugar a facturar el remanente de material facturable que tiene el cliente definido en el contrato. Las renovaciones mientras un contrato est\u00e9 vigente se definen peri\u00f3dicamente, y se realizan por la diferencia en el per\u00edodo del material remitido versus el devuelto. \nExiste un segundo m\u00e9todo de facturar el material en cliente que es contando los d\u00edas reales en que el material estuvo activo en el cliente y el de los d\u00edas que el cliente tiene el material en su poder, siempre a partir desde el primer d\u00eda desde su \u00faltimo corte de facturaci\u00f3n\n<\/div>\n<span class=\"collapseomatic \" id=\"id69e73428e336d\" rel=\"submenu-highlander\" tabindex=\"0\" title=\"M\u00f3dulo de Devoluciones\"    >M\u00f3dulo de Devoluciones<\/span><div id=\"target-id69e73428e336d\" class=\"collapseomatic_content \">Es el \u00e1rea de trabajo en la cual se podr\u00e1 registrar todo el movimiento  de material de stock que el cliente va devolviendo. Este proceso se divide en dos etapas. Una primera etapa es la recepci\u00f3n del material en el dep\u00f3sito de la empresa, y la segunda se corresponde a la aplicaci\u00f3n del material que se distribuye en que contrato, dando cuenta de que un cliente puede tener m\u00e1s de un contrato vigente en una misma o en diferentes ubicaciones. En este m\u00f3dulo se contemplan los DDM (Devoluciones de m\u00e1s) o el retorno de material da\u00f1ado.  Todo material da\u00f1ado que se registre, se le generar\u00e1 autom\u00e1ticamente la facturaci\u00f3n por lista de precio anteriormente predefinida al momento de dar de alta el contrato. \nCada devoluci\u00f3n podr\u00e1 tener previamente asignado uno o varios Pedidos de Retiro, solicitados previamente por el cliente y registrados en el sistema. Tambi\u00e9n se le podr\u00e1 asignar Hojas de Ruta asociadas a \u00d3rdenes de Trabajos para el desarme de la obra. \n<\/div>\n<span class=\"collapseomatic \" id=\"id69e73428e33b2\" rel=\"submenu-highlander\" tabindex=\"0\" title=\"Status de Contratos\"    >Status de Contratos<\/span><div id=\"target-id69e73428e33b2\" class=\"collapseomatic_content \">Es el \u00e1rea de indicadores de gesti\u00f3n de los contratos. Se podr\u00e1 gestiona el cierre de los contratos, visualizar los pedidos sin facturar, las OT, los partes diarios de las OT, las devoluciones pendientes, los pedidos de retiro de  material, los pedidos a autorizar, el material que est\u00e1 en el cliente, las devoluciones pendientes, las devoluciones anticipadas, entre otras opciones<\/div>\n<span class=\"collapseomatic \" id=\"id69e73428e33f0\" rel=\"submenu-highlander\" tabindex=\"0\" title=\"Integraci\u00f3n con Tango Gesti\u00f3n\"    >Integraci\u00f3n con Tango Gesti\u00f3n<\/span><div id=\"target-id69e73428e33f0\" class=\"collapseomatic_content \">Aguila.Net Posee una interface propia la cual nos permite conectar con el sistema Tango Gesti\u00f3n de Axoft en forma transparente, y as\u00ed lograr que las transacciones comerciales de nuestro producto se inyecten autom\u00e1ticamente en Tango por medio de comandos en el motor de base de datos SQL, generando los pedidos pendientes para luego realizar su correspondiente facturaci\u00f3n.<\/div>\n<span class=\"collapseomatic \" id=\"id69e73428e342d\" rel=\"submenu-highlander\" tabindex=\"0\" title=\"Integraci\u00f3n con Otros ERP\"    >Integraci\u00f3n con Otros ERP<\/span><div id=\"target-id69e73428e342d\" class=\"collapseomatic_content \">Aguila.Net Ofrece la posibilidad de realizar una interface propia, auto configurable, la cual nos permite conectar tanto con sistemas ERP como Tango Gesti\u00f3n, Calipso, SAP, etc., generando tablas de equivalencias en campos, para luego que quede en forma transparente, y as\u00ed lograr que las transacciones comerciales de nuestro producto se inyecten autom\u00e1ticamente en Tango por medio de comandos en el motor de base de datos SQL, generando los pedidos pendientes para luego realizar su correspondiente facturaci\u00f3n.<\/div>\n<span class=\"collapseomatic \" id=\"id69e73428e3453\" rel=\"submenu-highlander\" tabindex=\"0\" title=\"Mantenimiento\"    >Mantenimiento<\/span><div id=\"target-id69e73428e3453\" class=\"collapseomatic_content \">Aguila.Net cuenta con un servicio de mantenimiento mensual, el cual cubre sin cargo las versiones futuras que esta Consultora genere del producto junto con la asistencia de help desk de nuestros asistentes, desarrollo y customizacion de reportes para obtener un producto m\u00e1s personalizado, esta opci\u00f3n es renovable cada 12 meses m\u00e1s en sus costos y prestaci\u00f3n del servicio.\nAguila es un sistema que sigue creciendo para darles m\u00e1s beneficios a los clientes.\nAsistencia remota por VPN\/RDP\/TeamViewer tanto para la soluci\u00f3n de posibles problemas como para la asistencia en l\u00ednea de los usuarios.\n<\/div>\n<\/div><\/div>\n\t\t<\/div><\/div><\/div><\/div><\/div><\/div><\/div><\/div><\/div><\/div><div id=\"pg-3753-1\"  class=\"panel-grid panel-has-style\" ><div class=\"software-portfolio siteorigin-panels-stretch panel-row-style panel-row-style-for-3753-1\" style=\"border-bottom: 1px solid #000000;color: #e5e5e5;padding: 0px 0; \" data-stretch-type=\"full-stretched\" data-hascolor=\"hascolor\" data-overlay=\"true\" ><div id=\"pgc-3753-1-0\"  class=\"panel-grid-cell\" ><div id=\"panel-3753-1-0-0\" class=\"so-panel widget widget_text panel-first-child panel-last-child\" data-index=\"1\" ><h3 class=\"widget-title\">Portfolio<\/h3>\t\t\t<div class=\"textwidget\"><div class=\"roll-project fullwidth\"><div class=\"project-wrap\" id=\"isotope-container\" data-portfolio-effect=\"fadeInUp\"><div class=\"project-item item isotope-item aguila \"><a class=\"project-pop\" rel=\"lightbox[305]\" href=\"https:\/\/syspro.com.ar\/sitio\/wp-content\/uploads\/2016\/08\/aguila1-min.jpg\"><div class=\"project-pop\"><\/div><div class=\"project-title\">\u00c1guila.Net &#8211; Portal<\/div><\/a><a href=\"https:\/\/syspro.com.ar\/sitio\/?p=4853\"><img loading=\"lazy\" decoding=\"async\" width=\"480\" height=\"360\" src=\"https:\/\/syspro.com.ar\/sitio\/wp-content\/uploads\/2016\/08\/aguila1-min-480x360.jpg\" class=\"attachment-sydney-mas-thumb size-sydney-mas-thumb wp-post-image\" alt=\"\" srcset=\"https:\/\/syspro.com.ar\/sitio\/wp-content\/uploads\/2016\/08\/aguila1-min-480x360.jpg 480w, https:\/\/syspro.com.ar\/sitio\/wp-content\/uploads\/2016\/08\/aguila1-min-300x225.jpg 300w, https:\/\/syspro.com.ar\/sitio\/wp-content\/uploads\/2016\/08\/aguila1-min-768x576.jpg 768w, https:\/\/syspro.com.ar\/sitio\/wp-content\/uploads\/2016\/08\/aguila1-min.jpg 1024w, https:\/\/syspro.com.ar\/sitio\/wp-content\/uploads\/2016\/08\/aguila1-min-830x623.jpg 830w, https:\/\/syspro.com.ar\/sitio\/wp-content\/uploads\/2016\/08\/aguila1-min-230x173.jpg 230w, https:\/\/syspro.com.ar\/sitio\/wp-content\/uploads\/2016\/08\/aguila1-min-350x263.jpg 350w\" sizes=\"auto, (max-width: 480px) 100vw, 480px\" \/><\/a><\/div><div class=\"project-item item isotope-item aguila \"><a class=\"project-pop\" rel=\"lightbox[305]\" href=\"https:\/\/syspro.com.ar\/sitio\/wp-content\/uploads\/2016\/08\/aguila2-min.jpg\"><div class=\"project-pop\"><\/div><div class=\"project-title\">\u00c1guila.Net &#8211; Cotizaciones<\/div><\/a><a href=\"https:\/\/syspro.com.ar\/sitio\/?p=4851\"><img loading=\"lazy\" decoding=\"async\" width=\"480\" height=\"360\" src=\"https:\/\/syspro.com.ar\/sitio\/wp-content\/uploads\/2016\/08\/aguila2-min-480x360.jpg\" class=\"attachment-sydney-mas-thumb size-sydney-mas-thumb wp-post-image\" alt=\"\" srcset=\"https:\/\/syspro.com.ar\/sitio\/wp-content\/uploads\/2016\/08\/aguila2-min-480x360.jpg 480w, https:\/\/syspro.com.ar\/sitio\/wp-content\/uploads\/2016\/08\/aguila2-min-300x225.jpg 300w, https:\/\/syspro.com.ar\/sitio\/wp-content\/uploads\/2016\/08\/aguila2-min-768x576.jpg 768w, https:\/\/syspro.com.ar\/sitio\/wp-content\/uploads\/2016\/08\/aguila2-min.jpg 1024w, https:\/\/syspro.com.ar\/sitio\/wp-content\/uploads\/2016\/08\/aguila2-min-830x623.jpg 830w, https:\/\/syspro.com.ar\/sitio\/wp-content\/uploads\/2016\/08\/aguila2-min-230x173.jpg 230w, https:\/\/syspro.com.ar\/sitio\/wp-content\/uploads\/2016\/08\/aguila2-min-350x263.jpg 350w\" sizes=\"auto, (max-width: 480px) 100vw, 480px\" \/><\/a><\/div><div class=\"project-item item isotope-item aguila \"><a class=\"project-pop\" rel=\"lightbox[305]\" href=\"https:\/\/syspro.com.ar\/sitio\/wp-content\/uploads\/2016\/08\/aguila3-min.jpg\"><div class=\"project-pop\"><\/div><div class=\"project-title\">\u00c1guila.Net &#8211; Contratos<\/div><\/a><a href=\"https:\/\/syspro.com.ar\/sitio\/?p=4849\"><img loading=\"lazy\" decoding=\"async\" width=\"480\" height=\"360\" src=\"https:\/\/syspro.com.ar\/sitio\/wp-content\/uploads\/2016\/08\/aguila3-min-480x360.jpg\" class=\"attachment-sydney-mas-thumb size-sydney-mas-thumb wp-post-image\" alt=\"\" srcset=\"https:\/\/syspro.com.ar\/sitio\/wp-content\/uploads\/2016\/08\/aguila3-min-480x360.jpg 480w, https:\/\/syspro.com.ar\/sitio\/wp-content\/uploads\/2016\/08\/aguila3-min-300x225.jpg 300w, https:\/\/syspro.com.ar\/sitio\/wp-content\/uploads\/2016\/08\/aguila3-min-768x576.jpg 768w, https:\/\/syspro.com.ar\/sitio\/wp-content\/uploads\/2016\/08\/aguila3-min.jpg 1024w, https:\/\/syspro.com.ar\/sitio\/wp-content\/uploads\/2016\/08\/aguila3-min-830x623.jpg 830w, https:\/\/syspro.com.ar\/sitio\/wp-content\/uploads\/2016\/08\/aguila3-min-230x173.jpg 230w, https:\/\/syspro.com.ar\/sitio\/wp-content\/uploads\/2016\/08\/aguila3-min-350x263.jpg 350w\" sizes=\"auto, (max-width: 480px) 100vw, 480px\" \/><\/a><\/div><div class=\"project-item item isotope-item aguila \"><a class=\"project-pop\" rel=\"lightbox[305]\" href=\"https:\/\/syspro.com.ar\/sitio\/wp-content\/uploads\/2016\/08\/aguila4-min.jpg\"><div class=\"project-pop\"><\/div><div class=\"project-title\">\u00c1guila.Net &#8211; Cotizaciones &#038; Contratos<\/div><\/a><a href=\"https:\/\/syspro.com.ar\/sitio\/?p=4846\"><img loading=\"lazy\" decoding=\"async\" width=\"480\" height=\"360\" src=\"https:\/\/syspro.com.ar\/sitio\/wp-content\/uploads\/2016\/08\/aguila4-min-480x360.jpg\" class=\"attachment-sydney-mas-thumb size-sydney-mas-thumb wp-post-image\" alt=\"\" srcset=\"https:\/\/syspro.com.ar\/sitio\/wp-content\/uploads\/2016\/08\/aguila4-min-480x360.jpg 480w, https:\/\/syspro.com.ar\/sitio\/wp-content\/uploads\/2016\/08\/aguila4-min-300x225.jpg 300w, https:\/\/syspro.com.ar\/sitio\/wp-content\/uploads\/2016\/08\/aguila4-min-768x576.jpg 768w, https:\/\/syspro.com.ar\/sitio\/wp-content\/uploads\/2016\/08\/aguila4-min.jpg 1024w, https:\/\/syspro.com.ar\/sitio\/wp-content\/uploads\/2016\/08\/aguila4-min-830x623.jpg 830w, https:\/\/syspro.com.ar\/sitio\/wp-content\/uploads\/2016\/08\/aguila4-min-230x173.jpg 230w, https:\/\/syspro.com.ar\/sitio\/wp-content\/uploads\/2016\/08\/aguila4-min-350x263.jpg 350w\" sizes=\"auto, (max-width: 480px) 100vw, 480px\" \/><\/a><\/div><div class=\"project-item item isotope-item aguila \"><a class=\"project-pop\" rel=\"lightbox[305]\" href=\"https:\/\/syspro.com.ar\/sitio\/wp-content\/uploads\/2016\/08\/aguila5-min.jpg\"><div class=\"project-pop\"><\/div><div class=\"project-title\">\u00c1guila.Net &#8211; Mercaderia<\/div><\/a><a href=\"https:\/\/syspro.com.ar\/sitio\/?p=4844\"><img loading=\"lazy\" decoding=\"async\" width=\"480\" height=\"360\" src=\"https:\/\/syspro.com.ar\/sitio\/wp-content\/uploads\/2016\/08\/aguila5-min-480x360.jpg\" class=\"attachment-sydney-mas-thumb size-sydney-mas-thumb wp-post-image\" alt=\"\" srcset=\"https:\/\/syspro.com.ar\/sitio\/wp-content\/uploads\/2016\/08\/aguila5-min-480x360.jpg 480w, https:\/\/syspro.com.ar\/sitio\/wp-content\/uploads\/2016\/08\/aguila5-min-300x225.jpg 300w, https:\/\/syspro.com.ar\/sitio\/wp-content\/uploads\/2016\/08\/aguila5-min-768x576.jpg 768w, https:\/\/syspro.com.ar\/sitio\/wp-content\/uploads\/2016\/08\/aguila5-min.jpg 1024w, https:\/\/syspro.com.ar\/sitio\/wp-content\/uploads\/2016\/08\/aguila5-min-830x623.jpg 830w, https:\/\/syspro.com.ar\/sitio\/wp-content\/uploads\/2016\/08\/aguila5-min-230x173.jpg 230w, https:\/\/syspro.com.ar\/sitio\/wp-content\/uploads\/2016\/08\/aguila5-min-350x263.jpg 350w\" sizes=\"auto, (max-width: 480px) 100vw, 480px\" \/><\/a><\/div><\/div><\/div><\/div>\n\t\t<\/div><\/div><\/div><\/div><div id=\"pg-3753-2\"  class=\"panel-grid panel-has-style\" ><div class=\"siteorigin-panels-stretch panel-row-style panel-row-style-for-3753-2\" style=\"padding: 30px 0; \" data-stretch-type=\"full\" data-overlay=\"true\" ><div id=\"pgc-3753-2-0\"  class=\"panel-grid-cell\" ><div id=\"panel-3753-2-0-0\" class=\"so-panel widget widget_fp_social panel-first-child panel-last-child\" data-index=\"2\" ><div class=\" animated pulse duration20 infinite panel-widget-style panel-widget-style-for-3753-2-0-0\" >\t\t\t\t\t\t<div class=\"menu-social-container\"><ul id=\"menu-social\" class=\"menu social-menu-widget clearfix\"><li id=\"menu-item-2527\" class=\"menu-item menu-item-type-custom menu-item-object-custom menu-item-2527\"><a href=\"https:\/\/www.facebook.com\/SysPro-Consulting-227801363931833\/\"><span class=\"screen-reader-text\">Facebook<\/span><\/a><\/li>\n<li id=\"menu-item-2523\" class=\"menu-item menu-item-type-custom menu-item-object-custom menu-item-2523\"><a href=\"https:\/\/twitter.com\/sysproArg\"><span class=\"screen-reader-text\">Twitter<\/span><\/a><\/li>\n<li id=\"menu-item-2839\" class=\"menu-item menu-item-type-custom menu-item-object-custom menu-item-2839\"><a href=\"https:\/\/linkedin.com\"><span class=\"screen-reader-text\">Linkedin<\/span><\/a><\/li>\n<li id=\"menu-item-2840\" class=\"menu-item menu-item-type-custom menu-item-object-custom menu-item-2840\"><a href=\"https:\/\/www.youtube.com\/channel\/UCRbihV-4nQFX8N6xwjNrm_w\"><span class=\"screen-reader-text\">Youtube<\/span><\/a><\/li>\n<!--<pre>--><!--<\/pre>--><\/ul><\/div>\t\r\n\t\t<\/div><\/div><\/div><\/div><\/div><\/div>","protected":false},"excerpt":{"rendered":"<p>Descripci\u00f3n del Sistema Aguila.Net Aguila.Net es un sistema pensado para la gesti\u00f3n de alquileres de bienes de servicios y de stock. Dise\u00f1ando en tecnolog\u00eda .NET y base de datos SQL, hacen que las m\u00faltiples funcionalidades que el sistema brinda sean para poder realizar una operatoria y seguimiento seguro por parte [&hellip;]<\/p>\n","protected":false},"author":1,"featured_media":0,"parent":3430,"menu_order":0,"comment_status":"closed","ping_status":"closed","template":"page-templates\/page_front-page.php","meta":{"_bbp_topic_count":0,"_bbp_reply_count":0,"_bbp_total_topic_count":0,"_bbp_total_reply_count":0,"_bbp_voice_count":0,"_bbp_anonymous_reply_count":0,"_bbp_topic_count_hidden":0,"_bbp_reply_count_hidden":0,"_bbp_forum_subforum_count":0,"footnotes":""},"class_list":["post-3753","page","type-page","status-publish","hentry"],"_links":{"self":[{"href":"https:\/\/syspro.com.ar\/sitio\/wp-json\/wp\/v2\/pages\/3753","targetHints":{"allow":["GET"]}}],"collection":[{"href":"https:\/\/syspro.com.ar\/sitio\/wp-json\/wp\/v2\/pages"}],"about":[{"href":"https:\/\/syspro.com.ar\/sitio\/wp-json\/wp\/v2\/types\/page"}],"author":[{"embeddable":true,"href":"https:\/\/syspro.com.ar\/sitio\/wp-json\/wp\/v2\/users\/1"}],"replies":[{"embeddable":true,"href":"https:\/\/syspro.com.ar\/sitio\/wp-json\/wp\/v2\/comments?post=3753"}],"version-history":[{"count":8,"href":"https:\/\/syspro.com.ar\/sitio\/wp-json\/wp\/v2\/pages\/3753\/revisions"}],"predecessor-version":[{"id":6168,"href":"https:\/\/syspro.com.ar\/sitio\/wp-json\/wp\/v2\/pages\/3753\/revisions\/6168"}],"up":[{"embeddable":true,"href":"https:\/\/syspro.com.ar\/sitio\/wp-json\/wp\/v2\/pages\/3430"}],"wp:attachment":[{"href":"https:\/\/syspro.com.ar\/sitio\/wp-json\/wp\/v2\/media?parent=3753"}],"curies":[{"name":"wp","href":"https:\/\/api.w.org\/{rel}","templated":true}]}}