{"id":3757,"date":"2016-05-09T13:09:21","date_gmt":"2016-05-09T16:09:21","guid":{"rendered":"http:\/\/www.syspro.com.ar\/sitio\/?page_id=3757"},"modified":"2024-04-26T17:07:28","modified_gmt":"2024-04-26T20:07:28","slug":"otros-sistemas","status":"publish","type":"page","link":"https:\/\/syspro.com.ar\/sitio\/home\/software\/otros-sistemas\/","title":{"rendered":"Otros Sistemas"},"content":{"rendered":"<div id=\"pl-3757\"  class=\"panel-layout\" ><div id=\"pg-3757-0\"  class=\"panel-grid panel-has-style\" ><div class=\"siteorigin-panels-stretch panel-row-style panel-row-style-for-3757-0\" style=\"padding: 100px 0; \" data-stretch-type=\"full\" data-overlay=\"true\" ><div id=\"pgc-3757-0-0\"  class=\"panel-grid-cell\" ><div id=\"panel-3757-0-0-0\" class=\"so-panel widget widget_sow-image panel-first-child\" data-index=\"0\" ><div\n\t\t\t\n\t\t\tclass=\"so-widget-sow-image so-widget-sow-image-default-c67d20f9f743-3757\"\n\t\t\t\n\t\t>\n<div class=\"sow-image-container\">\n\t\t<img \n\tsrc=\"https:\/\/syspro.com.ar\/sitio\/wp-content\/uploads\/2016\/05\/1-300x240.png\" width=\"300\" height=\"240\" srcset=\"https:\/\/syspro.com.ar\/sitio\/wp-content\/uploads\/2016\/05\/1-300x240.png 300w, https:\/\/syspro.com.ar\/sitio\/wp-content\/uploads\/2016\/05\/1-230x184.png 230w, https:\/\/syspro.com.ar\/sitio\/wp-content\/uploads\/2016\/05\/1-350x280.png 350w, https:\/\/syspro.com.ar\/sitio\/wp-content\/uploads\/2016\/05\/1.png 433w\" sizes=\"(max-width: 300px) 100vw, 300px\" alt=\"\" \t\tclass=\"so-widget-image\"\/>\n\t<\/div>\n\n<\/div><\/div><div id=\"panel-3757-0-0-1\" class=\"so-panel widget widget_sow-image\" data-index=\"1\" ><div\n\t\t\t\n\t\t\tclass=\"so-widget-sow-image so-widget-sow-image-default-c67d20f9f743-3757\"\n\t\t\t\n\t\t>\n<div class=\"sow-image-container\">\n\t\t<img \n\tsrc=\"https:\/\/syspro.com.ar\/sitio\/wp-content\/uploads\/2016\/05\/3-300x225.png\" width=\"300\" height=\"225\" srcset=\"https:\/\/syspro.com.ar\/sitio\/wp-content\/uploads\/2016\/05\/3-300x225.png 300w, https:\/\/syspro.com.ar\/sitio\/wp-content\/uploads\/2016\/05\/3-768x576.png 768w, https:\/\/syspro.com.ar\/sitio\/wp-content\/uploads\/2016\/05\/3.png 1024w, https:\/\/syspro.com.ar\/sitio\/wp-content\/uploads\/2016\/05\/3-480x360.png 480w, https:\/\/syspro.com.ar\/sitio\/wp-content\/uploads\/2016\/05\/3-830x623.png 830w, https:\/\/syspro.com.ar\/sitio\/wp-content\/uploads\/2016\/05\/3-230x173.png 230w, https:\/\/syspro.com.ar\/sitio\/wp-content\/uploads\/2016\/05\/3-350x263.png 350w\" sizes=\"(max-width: 300px) 100vw, 300px\" alt=\"\" \t\tclass=\"so-widget-image\"\/>\n\t<\/div>\n\n<\/div><\/div><div id=\"panel-3757-0-0-2\" class=\"so-panel widget widget_sow-image\" data-index=\"2\" ><div\n\t\t\t\n\t\t\tclass=\"so-widget-sow-image so-widget-sow-image-default-c67d20f9f743-3757\"\n\t\t\t\n\t\t>\n<div class=\"sow-image-container\">\n\t\t<img \n\tsrc=\"https:\/\/syspro.com.ar\/sitio\/wp-content\/uploads\/2016\/05\/5-300x225.png\" width=\"300\" height=\"225\" srcset=\"https:\/\/syspro.com.ar\/sitio\/wp-content\/uploads\/2016\/05\/5-300x225.png 300w, https:\/\/syspro.com.ar\/sitio\/wp-content\/uploads\/2016\/05\/5-230x173.png 230w, https:\/\/syspro.com.ar\/sitio\/wp-content\/uploads\/2016\/05\/5-350x263.png 350w, https:\/\/syspro.com.ar\/sitio\/wp-content\/uploads\/2016\/05\/5.png 410w\" sizes=\"(max-width: 300px) 100vw, 300px\" alt=\"\" \t\tclass=\"so-widget-image\"\/>\n\t<\/div>\n\n<\/div><\/div><div id=\"panel-3757-0-0-3\" class=\"so-panel widget widget_sow-image\" data-index=\"3\" ><div\n\t\t\t\n\t\t\tclass=\"so-widget-sow-image so-widget-sow-image-default-c67d20f9f743-3757\"\n\t\t\t\n\t\t>\n<div class=\"sow-image-container\">\n\t\t<img \n\tsrc=\"https:\/\/syspro.com.ar\/sitio\/wp-content\/uploads\/2016\/05\/7-300x241.png\" width=\"300\" height=\"241\" srcset=\"https:\/\/syspro.com.ar\/sitio\/wp-content\/uploads\/2016\/05\/7-300x241.png 300w, https:\/\/syspro.com.ar\/sitio\/wp-content\/uploads\/2016\/05\/7-230x185.png 230w, https:\/\/syspro.com.ar\/sitio\/wp-content\/uploads\/2016\/05\/7-350x281.png 350w, https:\/\/syspro.com.ar\/sitio\/wp-content\/uploads\/2016\/05\/7.png 432w\" sizes=\"(max-width: 300px) 100vw, 300px\" alt=\"\" \t\tclass=\"so-widget-image\"\/>\n\t<\/div>\n\n<\/div><\/div><div id=\"panel-3757-0-0-4\" class=\"so-panel widget widget_sow-image\" data-index=\"4\" ><div\n\t\t\t\n\t\t\tclass=\"so-widget-sow-image so-widget-sow-image-default-c67d20f9f743-3757\"\n\t\t\t\n\t\t>\n<div class=\"sow-image-container\">\n\t\t<img \n\tsrc=\"https:\/\/syspro.com.ar\/sitio\/wp-content\/uploads\/2016\/05\/9-300x240.png\" width=\"300\" height=\"240\" srcset=\"https:\/\/syspro.com.ar\/sitio\/wp-content\/uploads\/2016\/05\/9-300x240.png 300w, https:\/\/syspro.com.ar\/sitio\/wp-content\/uploads\/2016\/05\/9-230x184.png 230w, https:\/\/syspro.com.ar\/sitio\/wp-content\/uploads\/2016\/05\/9-350x280.png 350w, https:\/\/syspro.com.ar\/sitio\/wp-content\/uploads\/2016\/05\/9.png 433w\" sizes=\"(max-width: 300px) 100vw, 300px\" alt=\"\" \t\tclass=\"so-widget-image\"\/>\n\t<\/div>\n\n<\/div><\/div><div id=\"panel-3757-0-0-5\" class=\"so-panel widget widget_sow-image\" data-index=\"5\" ><div\n\t\t\t\n\t\t\tclass=\"so-widget-sow-image so-widget-sow-image-default-c67d20f9f743-3757\"\n\t\t\t\n\t\t>\n<div class=\"sow-image-container\">\n\t\t<img \n\tsrc=\"https:\/\/syspro.com.ar\/sitio\/wp-content\/uploads\/2016\/05\/11-300x217.png\" width=\"300\" height=\"217\" srcset=\"https:\/\/syspro.com.ar\/sitio\/wp-content\/uploads\/2016\/05\/11-300x217.png 300w, https:\/\/syspro.com.ar\/sitio\/wp-content\/uploads\/2016\/05\/11-230x166.png 230w, https:\/\/syspro.com.ar\/sitio\/wp-content\/uploads\/2016\/05\/11.png 302w\" sizes=\"(max-width: 300px) 100vw, 300px\" alt=\"\" \t\tclass=\"so-widget-image\"\/>\n\t<\/div>\n\n<\/div><\/div><div id=\"panel-3757-0-0-6\" class=\"so-panel widget widget_sow-image\" data-index=\"6\" ><div\n\t\t\t\n\t\t\tclass=\"so-widget-sow-image so-widget-sow-image-default-c67d20f9f743-3757\"\n\t\t\t\n\t\t>\n<div class=\"sow-image-container\">\n\t\t<img \n\tsrc=\"https:\/\/syspro.com.ar\/sitio\/wp-content\/uploads\/2016\/05\/13-300x264.png\" width=\"300\" height=\"264\" srcset=\"https:\/\/syspro.com.ar\/sitio\/wp-content\/uploads\/2016\/05\/13-300x264.png 300w, https:\/\/syspro.com.ar\/sitio\/wp-content\/uploads\/2016\/05\/13-480x422.png 480w, https:\/\/syspro.com.ar\/sitio\/wp-content\/uploads\/2016\/05\/13-230x202.png 230w, https:\/\/syspro.com.ar\/sitio\/wp-content\/uploads\/2016\/05\/13-350x308.png 350w, https:\/\/syspro.com.ar\/sitio\/wp-content\/uploads\/2016\/05\/13.png 629w\" sizes=\"(max-width: 300px) 100vw, 300px\" alt=\"\" \t\tclass=\"so-widget-image\"\/>\n\t<\/div>\n\n<\/div><\/div><div id=\"panel-3757-0-0-7\" class=\"so-panel widget widget_sow-image panel-last-child\" data-index=\"7\" ><div\n\t\t\t\n\t\t\tclass=\"so-widget-sow-image so-widget-sow-image-default-c67d20f9f743-3757\"\n\t\t\t\n\t\t>\n<div class=\"sow-image-container\">\n\t\t<img \n\tsrc=\"https:\/\/syspro.com.ar\/sitio\/wp-content\/uploads\/2016\/05\/15-300x241.png\" width=\"300\" height=\"241\" srcset=\"https:\/\/syspro.com.ar\/sitio\/wp-content\/uploads\/2016\/05\/15-300x241.png 300w, https:\/\/syspro.com.ar\/sitio\/wp-content\/uploads\/2016\/05\/15-230x185.png 230w, https:\/\/syspro.com.ar\/sitio\/wp-content\/uploads\/2016\/05\/15-350x281.png 350w, https:\/\/syspro.com.ar\/sitio\/wp-content\/uploads\/2016\/05\/15.png 432w\" sizes=\"(max-width: 300px) 100vw, 300px\" alt=\"\" \t\tclass=\"so-widget-image\"\/>\n\t<\/div>\n\n<\/div><\/div><\/div><div id=\"pgc-3757-0-1\"  class=\"panel-grid-cell\" ><div id=\"panel-3757-0-1-0\" class=\"so-panel widget widget_sow-editor panel-first-child\" data-index=\"8\" ><div class=\"panel-widget-style panel-widget-style-for-3757-0-1-0\" ><div\n\t\t\t\n\t\t\tclass=\"so-widget-sow-editor so-widget-sow-editor-base\"\n\t\t\t\n\t\t>\n<div class=\"siteorigin-widget-tinymce textwidget\">\n\t<h1 style=\"text-align: center;\">\u00a0<\/h1>\n<ul>\n<li>\n<h3><span style=\"color: #e5e5e5;\"><strong>AdmiGas 1.0<\/strong><\/span><\/h3>\n<\/li>\n<\/ul>\n<p>\u00a0<\/p>\n<p><span style=\"color: #e5e5e5;\">Sistema para la administraci\u00f3n del clearing de garrafas de gas licuado en los Centros de Canje de todo el pa\u00eds.<\/span><\/p>\n<p>\u00a0<\/p>\n<hr \/>\n<p>\u00a0<\/p>\n<p>\u00a0<\/p>\n<ul>\n<li>\n<h3><span style=\"color: #e5e5e5;\"><strong>Asset Management 1.0<\/strong><\/span><\/h3>\n<\/li>\n<\/ul>\n<p>\u00a0<\/p>\n<p><span style=\"color: #e5e5e5;\">Sistema para el manejo de la cartera de clientes con inversiones off-shore de entidades bancarias (Desarrollado para el Banco Societe Generale - Supervielle)<\/span><\/p>\n<p>\u00a0<\/p>\n<hr \/>\n<p>\u00a0<\/p>\n<ul>\n<li>\n<h3><span style=\"color: #e5e5e5;\"><strong>OneBank Pack<\/strong><\/span><\/h3>\n<\/li>\n<\/ul>\n<p>\u00a0<\/p>\n<p><span style=\"color: #e5e5e5;\">Suite de productos para los departamentos de riesgos de entidades financieras, que complementan las tares de los sistemas centralizados.<\/span><\/p>\n<ul>\n<li><span style=\"color: #e5e5e5;\"><strong>Wincov<\/strong>: Gesti\u00f3n de convenios para prestamos con descuento de haberes y convenios con obras sociales y sindicatos.<\/span><\/li>\n<li><span style=\"color: #e5e5e5;\"><strong>PlanCob<\/strong>: Planificador de cobranzas de pr\u00e9stamos con descuento de haberes<\/span><\/li>\n<li><span style=\"color: #e5e5e5;\"><strong>Scoring II<\/strong>: Sistema matem\u00e1tico estad\u00edstico para medir el riesgo crediticio al momento del otorgamiento de un pr\u00e9stamo.<\/span><\/li>\n<li><span style=\"color: #e5e5e5;\"><strong>Maport<\/strong>: Sistema de medici\u00f3n de fortalezas y debilidades en la toma de riesgos crediticios de individuos (inteligencias de riesgos).<\/span><\/li>\n<li><span style=\"color: #e5e5e5;\"><strong>Amep<\/strong>: Manejo de cartera de pr\u00e9stamos personales<\/span><\/li>\n<li><span style=\"color: #e5e5e5;\"><strong>Anenti<\/strong>: Analizador de entidades para la toma de riesgo crediticio<\/span><\/li>\n<\/ul>\n<p>\u00a0<\/p>\n<hr \/>\n<p>\u00a0<\/p>\n<p>\u00a0<\/p>\n<ul>\n<li>\n<h3><span style=\"color: #e5e5e5;\"><strong>Predesa 1.0<\/strong><\/span><\/h3>\n<\/li>\n<\/ul>\n<p>\u00a0<\/p>\n<p><span style=\"color: #e5e5e5;\">Sistema para presupuestar despachos aduaneros de importaci\u00f3n y exportaci\u00f3n.<\/span><\/p>\n<p>\u00a0<\/p>\n<p>\u00a0<\/p>\n<hr \/>\n<p>\u00a0<\/p>\n<ul>\n<li>\n<h3><span style=\"color: #e5e5e5;\"><strong>Rutas 2.0<\/strong><\/span><\/h3>\n<\/li>\n<\/ul>\n<p>\u00a0<\/p>\n<p><span style=\"color: #e5e5e5;\">Sistema para el seguimiento de las destinaciones de rutas y remitos de los despachos de importaci\u00f3n aduaneros.<\/span><\/p>\n<p>\u00a0<\/p>\n<p>\u00a0<\/p>\n<hr \/>\n<p>\u00a0<\/p>\n<ul>\n<li><span style=\"color: #e5e5e5;\"><strong>GVW 1.0<\/strong><\/span><\/li>\n<\/ul>\n<p>\u00a0<\/p>\n<p><span style=\"color: #e5e5e5;\">Completo sistema de gesti\u00f3n de ventas, stock de productos, facturaci\u00f3n, compras, finanzas, etc.<\/span><\/p>\n<p>\u00a0<\/p>\n<p>\u00a0<\/p>\n<hr \/>\n<p>\u00a0<\/p>\n<ul>\n<li>\n<h3><span style=\"color: #e5e5e5;\"><strong>Agenda 1.0<\/strong><\/span><\/h3>\n<\/li>\n<\/ul>\n<p>\u00a0<\/p>\n<p><span style=\"color: #e5e5e5;\">Peque\u00f1o pero pr\u00e1ctico software de calendario, con recordatorios de eventos programados, administraci\u00f3n de vencimientos, gesti\u00f3n de chequeras y pagos personales.<\/span><\/p>\n<p>\u00a0<\/p>\n<p>\u00a0<\/p>\n<hr \/>\n<p>\u00a0<\/p>\n<ul>\n<li>\n<h3><span style=\"color: #e5e5e5;\"><strong>Sopa 1.0<\/strong><\/span><\/h3>\n<\/li>\n<\/ul>\n<p>\u00a0<\/p>\n<p><span style=\"color: #e5e5e5;\">Sistema de manejo de operaciones de importaci\u00f3n y exportaci\u00f3n para despachantes de aduana, el mismo ha sido desarrollado \u00edntegramente en ASP .Net, con motor de base de datos MS SQL Server 2000, el cual puede operarse desde cualquier parte del mundo que cuente con una conexi\u00f3n a Internet.<\/span><\/p>\n<\/div>\n<\/div><\/div><\/div><div id=\"panel-3757-0-1-1\" class=\"so-panel widget widget_sydney_action sydney_action_widget panel-last-child\" data-index=\"9\" >        <div class=\"roll-promobox \">\r\n\t\t\t<div class=\"promo-wrap\">\r\n\t\t\t\t\t\t\t\t<div class=\"promo-controls\">\r\n\t\t\t\t\t<a href=\"https:\/\/syspro.com.ar\/sitio\/home\/software\/\" class=\"roll-button border\">Volver<\/a>\r\n\t\t\t\t<\/div>\r\n\t\t\t<\/div>\r\n        <\/div>\r\n\t<\/div><\/div><div id=\"pgc-3757-0-2\"  class=\"panel-grid-cell\" ><div id=\"panel-3757-0-2-0\" class=\"so-panel widget widget_sow-image panel-first-child\" data-index=\"10\" ><div\n\t\t\t\n\t\t\tclass=\"so-widget-sow-image so-widget-sow-image-default-c67d20f9f743-3757\"\n\t\t\t\n\t\t>\n<div class=\"sow-image-container\">\n\t\t<img \n\tsrc=\"https:\/\/syspro.com.ar\/sitio\/wp-content\/uploads\/2016\/05\/2-300x225.png\" width=\"300\" height=\"225\" srcset=\"https:\/\/syspro.com.ar\/sitio\/wp-content\/uploads\/2016\/05\/2-300x225.png 300w, https:\/\/syspro.com.ar\/sitio\/wp-content\/uploads\/2016\/05\/2-768x576.png 768w, https:\/\/syspro.com.ar\/sitio\/wp-content\/uploads\/2016\/05\/2.png 1024w, https:\/\/syspro.com.ar\/sitio\/wp-content\/uploads\/2016\/05\/2-480x360.png 480w, https:\/\/syspro.com.ar\/sitio\/wp-content\/uploads\/2016\/05\/2-830x623.png 830w, https:\/\/syspro.com.ar\/sitio\/wp-content\/uploads\/2016\/05\/2-230x173.png 230w, https:\/\/syspro.com.ar\/sitio\/wp-content\/uploads\/2016\/05\/2-350x263.png 350w\" sizes=\"(max-width: 300px) 100vw, 300px\" alt=\"\" \t\tclass=\"so-widget-image\"\/>\n\t<\/div>\n\n<\/div><\/div><div id=\"panel-3757-0-2-1\" class=\"so-panel widget widget_sow-image\" data-index=\"11\" ><div\n\t\t\t\n\t\t\tclass=\"so-widget-sow-image so-widget-sow-image-default-c67d20f9f743-3757\"\n\t\t\t\n\t\t>\n<div class=\"sow-image-container\">\n\t\t<img \n\tsrc=\"https:\/\/syspro.com.ar\/sitio\/wp-content\/uploads\/2016\/05\/4-300x213.png\" width=\"300\" height=\"213\" srcset=\"https:\/\/syspro.com.ar\/sitio\/wp-content\/uploads\/2016\/05\/4-300x213.png 300w, https:\/\/syspro.com.ar\/sitio\/wp-content\/uploads\/2016\/05\/4-480x342.png 480w, https:\/\/syspro.com.ar\/sitio\/wp-content\/uploads\/2016\/05\/4-230x164.png 230w, https:\/\/syspro.com.ar\/sitio\/wp-content\/uploads\/2016\/05\/4-350x249.png 350w, https:\/\/syspro.com.ar\/sitio\/wp-content\/uploads\/2016\/05\/4.png 638w\" sizes=\"(max-width: 300px) 100vw, 300px\" alt=\"\" \t\tclass=\"so-widget-image\"\/>\n\t<\/div>\n\n<\/div><\/div><div id=\"panel-3757-0-2-2\" class=\"so-panel widget widget_sow-image\" data-index=\"12\" ><div\n\t\t\t\n\t\t\tclass=\"so-widget-sow-image so-widget-sow-image-default-c67d20f9f743-3757\"\n\t\t\t\n\t\t>\n<div class=\"sow-image-container\">\n\t\t<img \n\tsrc=\"https:\/\/syspro.com.ar\/sitio\/wp-content\/uploads\/2016\/05\/6-300x199.png\" width=\"300\" height=\"199\" srcset=\"https:\/\/syspro.com.ar\/sitio\/wp-content\/uploads\/2016\/05\/6-300x199.png 300w, https:\/\/syspro.com.ar\/sitio\/wp-content\/uploads\/2016\/05\/6-230x153.png 230w, https:\/\/syspro.com.ar\/sitio\/wp-content\/uploads\/2016\/05\/6-350x233.png 350w, https:\/\/syspro.com.ar\/sitio\/wp-content\/uploads\/2016\/05\/6.png 355w\" sizes=\"(max-width: 300px) 100vw, 300px\" alt=\"\" \t\tclass=\"so-widget-image\"\/>\n\t<\/div>\n\n<\/div><\/div><div id=\"panel-3757-0-2-3\" class=\"so-panel widget widget_sow-image\" data-index=\"13\" ><div\n\t\t\t\n\t\t\tclass=\"so-widget-sow-image so-widget-sow-image-default-c67d20f9f743-3757\"\n\t\t\t\n\t\t>\n<div class=\"sow-image-container\">\n\t\t<img \n\tsrc=\"https:\/\/syspro.com.ar\/sitio\/wp-content\/uploads\/2016\/05\/8-300x223.png\" width=\"300\" height=\"223\" srcset=\"https:\/\/syspro.com.ar\/sitio\/wp-content\/uploads\/2016\/05\/8-300x223.png 300w, https:\/\/syspro.com.ar\/sitio\/wp-content\/uploads\/2016\/05\/8-480x356.png 480w, https:\/\/syspro.com.ar\/sitio\/wp-content\/uploads\/2016\/05\/8-230x171.png 230w, https:\/\/syspro.com.ar\/sitio\/wp-content\/uploads\/2016\/05\/8-350x260.png 350w, https:\/\/syspro.com.ar\/sitio\/wp-content\/uploads\/2016\/05\/8.png 636w\" sizes=\"(max-width: 300px) 100vw, 300px\" alt=\"\" \t\tclass=\"so-widget-image\"\/>\n\t<\/div>\n\n<\/div><\/div><div id=\"panel-3757-0-2-4\" class=\"so-panel widget widget_sow-image\" data-index=\"14\" ><div\n\t\t\t\n\t\t\tclass=\"so-widget-sow-image so-widget-sow-image-default-c67d20f9f743-3757\"\n\t\t\t\n\t\t>\n<div class=\"sow-image-container\">\n\t\t<img \n\tsrc=\"https:\/\/syspro.com.ar\/sitio\/wp-content\/uploads\/2016\/05\/10-300x240.png\" width=\"300\" height=\"240\" srcset=\"https:\/\/syspro.com.ar\/sitio\/wp-content\/uploads\/2016\/05\/10-300x240.png 300w, https:\/\/syspro.com.ar\/sitio\/wp-content\/uploads\/2016\/05\/10-230x184.png 230w, https:\/\/syspro.com.ar\/sitio\/wp-content\/uploads\/2016\/05\/10-350x280.png 350w, https:\/\/syspro.com.ar\/sitio\/wp-content\/uploads\/2016\/05\/10.png 433w\" sizes=\"(max-width: 300px) 100vw, 300px\" alt=\"\" \t\tclass=\"so-widget-image\"\/>\n\t<\/div>\n\n<\/div><\/div><div id=\"panel-3757-0-2-5\" class=\"so-panel widget widget_sow-image\" data-index=\"15\" ><div\n\t\t\t\n\t\t\tclass=\"so-widget-sow-image so-widget-sow-image-default-c67d20f9f743-3757\"\n\t\t\t\n\t\t>\n<div class=\"sow-image-container\">\n\t\t<img \n\tsrc=\"https:\/\/syspro.com.ar\/sitio\/wp-content\/uploads\/2016\/05\/12-300x240.png\" width=\"300\" height=\"240\" srcset=\"https:\/\/syspro.com.ar\/sitio\/wp-content\/uploads\/2016\/05\/12-300x240.png 300w, https:\/\/syspro.com.ar\/sitio\/wp-content\/uploads\/2016\/05\/12-230x184.png 230w, https:\/\/syspro.com.ar\/sitio\/wp-content\/uploads\/2016\/05\/12-350x280.png 350w, https:\/\/syspro.com.ar\/sitio\/wp-content\/uploads\/2016\/05\/12.png 434w\" sizes=\"(max-width: 300px) 100vw, 300px\" alt=\"\" \t\tclass=\"so-widget-image\"\/>\n\t<\/div>\n\n<\/div><\/div><div id=\"panel-3757-0-2-6\" class=\"so-panel widget widget_sow-image\" data-index=\"16\" ><div\n\t\t\t\n\t\t\tclass=\"so-widget-sow-image so-widget-sow-image-default-c67d20f9f743-3757\"\n\t\t\t\n\t\t>\n<div class=\"sow-image-container\">\n\t\t<img \n\tsrc=\"https:\/\/syspro.com.ar\/sitio\/wp-content\/uploads\/2016\/05\/14-300x240.png\" width=\"300\" height=\"240\" srcset=\"https:\/\/syspro.com.ar\/sitio\/wp-content\/uploads\/2016\/05\/14-300x240.png 300w, https:\/\/syspro.com.ar\/sitio\/wp-content\/uploads\/2016\/05\/14-230x184.png 230w, https:\/\/syspro.com.ar\/sitio\/wp-content\/uploads\/2016\/05\/14-350x280.png 350w, https:\/\/syspro.com.ar\/sitio\/wp-content\/uploads\/2016\/05\/14.png 433w\" sizes=\"(max-width: 300px) 100vw, 300px\" alt=\"\" \t\tclass=\"so-widget-image\"\/>\n\t<\/div>\n\n<\/div><\/div><div id=\"panel-3757-0-2-7\" class=\"so-panel widget widget_sow-image panel-last-child\" data-index=\"17\" ><div\n\t\t\t\n\t\t\tclass=\"so-widget-sow-image so-widget-sow-image-default-c67d20f9f743-3757\"\n\t\t\t\n\t\t>\n<div class=\"sow-image-container\">\n\t\t<img \n\tsrc=\"https:\/\/syspro.com.ar\/sitio\/wp-content\/uploads\/2016\/05\/16-300x218.png\" width=\"300\" height=\"218\" srcset=\"https:\/\/syspro.com.ar\/sitio\/wp-content\/uploads\/2016\/05\/16-300x218.png 300w, https:\/\/syspro.com.ar\/sitio\/wp-content\/uploads\/2016\/05\/16-230x167.png 230w, https:\/\/syspro.com.ar\/sitio\/wp-content\/uploads\/2016\/05\/16-350x255.png 350w, https:\/\/syspro.com.ar\/sitio\/wp-content\/uploads\/2016\/05\/16.png 400w\" sizes=\"(max-width: 300px) 100vw, 300px\" alt=\"\" \t\tclass=\"so-widget-image\"\/>\n\t<\/div>\n\n<\/div><\/div><\/div><\/div><\/div><div id=\"pg-3757-1\"  class=\"panel-grid panel-has-style\" ><div class=\"siteorigin-panels-stretch panel-row-style panel-row-style-for-3757-1\" style=\"padding: 30px 0; \" data-stretch-type=\"full\" data-overlay=\"true\" ><div id=\"pgc-3757-1-0\"  class=\"panel-grid-cell\" ><div id=\"panel-3757-1-0-0\" class=\"so-panel widget widget_fp_social panel-first-child panel-last-child\" data-index=\"18\" ><div class=\" animated pulse duration20 infinite panel-widget-style panel-widget-style-for-3757-1-0-0\" >\t\t\t\t\t\t<div class=\"menu-social-container\"><ul id=\"menu-social\" class=\"menu social-menu-widget clearfix\"><li id=\"menu-item-2527\" class=\"menu-item menu-item-type-custom menu-item-object-custom menu-item-2527\"><a href=\"https:\/\/www.facebook.com\/SysPro-Consulting-227801363931833\/\"><span class=\"screen-reader-text\">Facebook<\/span><\/a><\/li>\n<li id=\"menu-item-2523\" class=\"menu-item menu-item-type-custom menu-item-object-custom menu-item-2523\"><a href=\"https:\/\/twitter.com\/sysproArg\"><span class=\"screen-reader-text\">Twitter<\/span><\/a><\/li>\n<li id=\"menu-item-2839\" class=\"menu-item menu-item-type-custom menu-item-object-custom menu-item-2839\"><a href=\"https:\/\/linkedin.com\"><span class=\"screen-reader-text\">Linkedin<\/span><\/a><\/li>\n<li id=\"menu-item-2840\" class=\"menu-item menu-item-type-custom menu-item-object-custom menu-item-2840\"><a href=\"https:\/\/www.youtube.com\/channel\/UCRbihV-4nQFX8N6xwjNrm_w\"><span class=\"screen-reader-text\">Youtube<\/span><\/a><\/li>\n<!--<pre>--><!--<\/pre>--><\/ul><\/div>\t\r\n\t\t<\/div><\/div><\/div><\/div><\/div><\/div>","protected":false},"excerpt":{"rendered":"<p>\u00a0AdmiGas 1.0\u00a0Sistema para la administraci\u00f3n del clearing de garrafas de gas licuado en los Centros de Canje de todo el pa\u00eds.\u00a0\u00a0\u00a0Asset Management 1.0\u00a0Sistema para el manejo de la cartera de clientes con inversiones off-shore de entidades bancarias (Desarrollado para el Banco Societe Generale &#8211; Supervielle)\u00a0\u00a0OneBank Pack\u00a0Suite de productos para los [&hellip;]<\/p>\n","protected":false},"author":1,"featured_media":0,"parent":3430,"menu_order":0,"comment_status":"closed","ping_status":"closed","template":"page-templates\/page_front-page.php","meta":{"_bbp_topic_count":0,"_bbp_reply_count":0,"_bbp_total_topic_count":0,"_bbp_total_reply_count":0,"_bbp_voice_count":0,"_bbp_anonymous_reply_count":0,"_bbp_topic_count_hidden":0,"_bbp_reply_count_hidden":0,"_bbp_forum_subforum_count":0,"footnotes":""},"class_list":["post-3757","page","type-page","status-publish","hentry"],"_links":{"self":[{"href":"https:\/\/syspro.com.ar\/sitio\/wp-json\/wp\/v2\/pages\/3757","targetHints":{"allow":["GET"]}}],"collection":[{"href":"https:\/\/syspro.com.ar\/sitio\/wp-json\/wp\/v2\/pages"}],"about":[{"href":"https:\/\/syspro.com.ar\/sitio\/wp-json\/wp\/v2\/types\/page"}],"author":[{"embeddable":true,"href":"https:\/\/syspro.com.ar\/sitio\/wp-json\/wp\/v2\/users\/1"}],"replies":[{"embeddable":true,"href":"https:\/\/syspro.com.ar\/sitio\/wp-json\/wp\/v2\/comments?post=3757"}],"version-history":[{"count":14,"href":"https:\/\/syspro.com.ar\/sitio\/wp-json\/wp\/v2\/pages\/3757\/revisions"}],"predecessor-version":[{"id":6163,"href":"https:\/\/syspro.com.ar\/sitio\/wp-json\/wp\/v2\/pages\/3757\/revisions\/6163"}],"up":[{"embeddable":true,"href":"https:\/\/syspro.com.ar\/sitio\/wp-json\/wp\/v2\/pages\/3430"}],"wp:attachment":[{"href":"https:\/\/syspro.com.ar\/sitio\/wp-json\/wp\/v2\/media?parent=3757"}],"curies":[{"name":"wp","href":"https:\/\/api.w.org\/{rel}","templated":true}]}}