{"id":4101,"date":"2016-05-24T11:36:09","date_gmt":"2016-05-24T14:36:09","guid":{"rendered":"http:\/\/www.syspro.com.ar\/sitio\/login\/"},"modified":"2024-04-26T16:58:22","modified_gmt":"2024-04-26T19:58:22","slug":"login","status":"publish","type":"page","link":"https:\/\/syspro.com.ar\/sitio\/home\/login\/","title":{"rendered":"Log In"},"content":{"rendered":"<div id=\"pl-4101\"  class=\"panel-layout\" ><div id=\"pg-4101-0\"  class=\"panel-grid panel-has-style\" ><div class=\"siteorigin-panels-stretch panel-row-style panel-row-style-for-4101-0\" style=\"border-bottom: 1px solid #e5e5e5;padding: 100px 0; \" data-stretch-type=\"full\" data-overlay=\"true\" ><div id=\"pgc-4101-0-0\"  class=\"panel-grid-cell\" ><div id=\"panel-4101-0-0-0\" class=\"so-panel widget widget_sow-image panel-first-child panel-last-child\" data-index=\"0\" ><div\n\t\t\t\n\t\t\tclass=\"so-widget-sow-image so-widget-sow-image-default-c67d20f9f743-4101\"\n\t\t\t\n\t\t>\n<div class=\"sow-image-container\">\n\t\t<img \n\tsrc=\"https:\/\/syspro.com.ar\/sitio\/wp-content\/uploads\/2016\/01\/logo-medio-recortado.png\" width=\"300\" height=\"155\" sizes=\"(max-width: 300px) 100vw, 300px\" alt=\"\" \t\tclass=\"so-widget-image\"\/>\n\t<\/div>\n\n<\/div><\/div><\/div><\/div><\/div><div id=\"pg-4101-1\"  class=\"panel-grid panel-has-style\" ><div style=\"border-bottom: 1px solid #e5e5e5;padding: 50px 0; \" data-overlay=\"true\" class=\"panel-row-style panel-row-style-for-4101-1\" ><div id=\"pgc-4101-1-0\"  class=\"panel-grid-cell panel-grid-cell-empty\" ><\/div><div id=\"pgc-4101-1-1\"  class=\"panel-grid-cell panel-grid-cell-mobile-last\" ><div id=\"panel-4101-1-1-0\" class=\"so-panel widget widget_text panel-first-child panel-last-child\" data-index=\"1\" ><div class=\"panel-widget-style panel-widget-style-for-4101-1-1-0\" ><h3 class=\"widget-title\">Ingresar al Sitio<\/h3>\t\t\t<div class=\"textwidget\">Log In\n<div class=\"tml tml-login\" id=\"theme-my-login1\">\r\n\t\t\t<form name=\"loginform\" id=\"loginform1\" action=\"\/sitio\/wp-json\/wp\/v2\/pages\/4101?instance=1\" method=\"post\">\r\n\t\t<p class=\"tml-user-login-wrap\">\r\n\t\t\t<label for=\"user_login1\">Username or E-mail<\/label>\r\n\t\t\t<input type=\"text\" name=\"log\" id=\"user_login1\" class=\"input\" value=\"\" size=\"20\" \/>\r\n\t\t<\/p>\r\n\r\n\t\t<p class=\"tml-user-pass-wrap\">\r\n\t\t\t<label for=\"user_pass1\">Contrase\u00f1a<\/label>\r\n\t\t\t<input type=\"password\" name=\"pwd\" id=\"user_pass1\" class=\"input\" value=\"\" size=\"20\" autocomplete=\"off\" \/>\r\n\t\t<\/p>\r\n\r\n\t\t\r\n\t\t<div class=\"tml-rememberme-submit-wrap\">\r\n\t\t\t<p class=\"tml-rememberme-wrap\">\r\n\t\t\t\t<input name=\"rememberme\" type=\"checkbox\" id=\"rememberme1\" value=\"forever\" \/>\r\n\t\t\t\t<label for=\"rememberme1\">Recu\u00e9rdame<\/label>\r\n\t\t\t<\/p>\r\n\r\n\t\t\t<p class=\"tml-submit-wrap\">\r\n\t\t\t\t<input type=\"submit\" name=\"wp-submit\" id=\"wp-submit1\" value=\"Acceder\" \/>\r\n\t\t\t\t<input type=\"hidden\" name=\"redirect_to\" value=\"https:\/\/syspro.com.ar\/sitio\/foros\" \/>\r\n\t\t\t\t<input type=\"hidden\" name=\"instance\" value=\"1\" \/>\r\n\t\t\t\t<input type=\"hidden\" name=\"action\" value=\"login\" \/>\r\n\t\t\t<\/p>\r\n\t\t<\/div>\r\n\t<\/form>\r\n\t<ul class=\"tml-action-links\">\n<li><a href=\"https:\/\/syspro.com.ar\/sitio\/home\/register\/\" rel=\"nofollow\">Register<\/a><\/li>\n<li><a href=\"https:\/\/syspro.com.ar\/sitio\/home\/lostpassword\/\" rel=\"nofollow\">Lost Password<\/a><\/li>\n<\/ul>\n<\/div>\r\n\n<\/div>\n\t\t<\/div><\/div><\/div><div id=\"pgc-4101-1-2\"  class=\"panel-grid-cell panel-grid-cell-empty\" ><\/div><\/div><\/div><div id=\"pg-4101-2\"  class=\"panel-grid panel-has-style\" ><div style=\"padding: 25px 0; \" data-overlay=\"true\" class=\"panel-row-style panel-row-style-for-4101-2\" ><div id=\"pgc-4101-2-0\"  class=\"panel-grid-cell\" ><div id=\"panel-4101-2-0-0\" class=\"so-panel widget widget_siteorigin-panels-builder panel-first-child panel-last-child\" data-index=\"2\" ><div id=\"pl-w574f203e97daf\"  class=\"panel-layout\" ><div id=\"pg-w574f203e97daf-0\"  class=\"panel-grid panel-has-style\" ><div style=\"padding: 0px 0; \" data-overlay=\"true\" class=\"panel-row-style panel-row-style-for-w574f203e97daf-0\" ><div id=\"pgc-w574f203e97daf-0-0\"  class=\"panel-grid-cell\" ><div id=\"panel-w574f203e97daf-0-0-0\" class=\"so-panel widget widget_sydney_action sydney_action_widget panel-first-child panel-last-child\" data-index=\"0\" >        <div class=\"roll-promobox aside-style\">\r\n\t\t\t<div class=\"promo-wrap\">\r\n\t\t\t\t\t\t\t\t<div class=\"promo-content\">\r\n\t\t\t\t\t<h3 class=\"title\"><b><p style=\"color:#443f3f\">\u00bfOlvid\u00f3 su contrase\u00f1a?<\/p><\/b><\/h3>\r\n\t\t\t\t<\/div>\r\n\t\t\t\t\t\t\t\t<div class=\"promo-controls\">\r\n\t\t\t\t\t<a href=\"https:\/\/syspro.com.ar\/sitio\/home\/lostpassword\/\" class=\"roll-button border\">Pulse Aqu\u00ed<\/a>\r\n\t\t\t\t<\/div>\r\n\t\t\t<\/div>\r\n        <\/div>\r\n\t<\/div><\/div><div id=\"pgc-w574f203e97daf-0-1\"  class=\"panel-grid-cell\" ><div id=\"panel-w574f203e97daf-0-1-0\" class=\"so-panel widget widget_sydney_action sydney_action_widget panel-first-child panel-last-child\" data-index=\"1\" >        <div class=\"roll-promobox aside-style\">\r\n\t\t\t<div class=\"promo-wrap\">\r\n\t\t\t\t\t\t\t\t<div class=\"promo-content\">\r\n\t\t\t\t\t<h3 class=\"title\"><b><p style=\"color:#443f3f\">Si aun no tienes un usuario...<\/p><\/b><\/h3>\r\n\t\t\t\t<\/div>\r\n\t\t\t\t\t\t\t\t<div class=\"promo-controls\">\r\n\t\t\t\t\t<a href=\"https:\/\/syspro.com.ar\/sitio\/home\/register\/\" class=\"roll-button border\">Registrarse<\/a>\r\n\t\t\t\t<\/div>\r\n\t\t\t<\/div>\r\n        <\/div>\r\n\t<\/div><\/div><\/div><\/div><\/div><\/div><\/div><\/div><\/div><div id=\"pg-4101-3\"  class=\"panel-grid panel-has-style\" ><div class=\"siteorigin-panels-stretch panel-row-style panel-row-style-for-4101-3\" style=\"padding: 30px 0; \" data-stretch-type=\"full\" data-overlay=\"true\" ><div id=\"pgc-4101-3-0\"  class=\"panel-grid-cell\" ><div id=\"panel-4101-3-0-0\" class=\"so-panel widget widget_fp_social panel-first-child panel-last-child\" data-index=\"3\" >\t\t\t\t\t\t<div class=\"menu-social-container\"><ul id=\"menu-social\" class=\"menu social-menu-widget clearfix\"><li id=\"menu-item-2527\" class=\"menu-item menu-item-type-custom menu-item-object-custom menu-item-2527\"><a href=\"https:\/\/www.facebook.com\/SysPro-Consulting-227801363931833\/\"><span class=\"screen-reader-text\">Facebook<\/span><\/a><\/li>\n<li id=\"menu-item-2523\" class=\"menu-item menu-item-type-custom menu-item-object-custom menu-item-2523\"><a href=\"https:\/\/twitter.com\/sysproArg\"><span class=\"screen-reader-text\">Twitter<\/span><\/a><\/li>\n<li id=\"menu-item-2839\" class=\"menu-item menu-item-type-custom menu-item-object-custom menu-item-2839\"><a href=\"https:\/\/linkedin.com\"><span class=\"screen-reader-text\">Linkedin<\/span><\/a><\/li>\n<li id=\"menu-item-2840\" class=\"menu-item menu-item-type-custom menu-item-object-custom menu-item-2840\"><a href=\"https:\/\/www.youtube.com\/channel\/UCRbihV-4nQFX8N6xwjNrm_w\"><span class=\"screen-reader-text\">Youtube<\/span><\/a><\/li>\n<!--<pre>--><!--<\/pre>--><\/ul><\/div>\t\r\n\t\t<\/div><\/div><\/div><\/div><\/div>","protected":false},"excerpt":{"rendered":"<p>Ingresar al Sitio Log In Username or E-mail Contrase\u00f1a Recu\u00e9rdame Register Lost Password \u00bfOlvid\u00f3 su contrase\u00f1a? Pulse Aqu\u00ed Si aun no tienes un usuario&#8230; Registrarse Facebook Twitter Linkedin Youtube<\/p>\n","protected":false},"author":1,"featured_media":0,"parent":8,"menu_order":0,"comment_status":"closed","ping_status":"closed","template":"page-templates\/page_front-page.php","meta":{"_bbp_topic_count":0,"_bbp_reply_count":0,"_bbp_total_topic_count":0,"_bbp_total_reply_count":0,"_bbp_voice_count":0,"_bbp_anonymous_reply_count":0,"_bbp_topic_count_hidden":0,"_bbp_reply_count_hidden":0,"_bbp_forum_subforum_count":0,"footnotes":""},"class_list":["post-4101","page","type-page","status-publish","hentry"],"_links":{"self":[{"href":"https:\/\/syspro.com.ar\/sitio\/wp-json\/wp\/v2\/pages\/4101","targetHints":{"allow":["GET"]}}],"collection":[{"href":"https:\/\/syspro.com.ar\/sitio\/wp-json\/wp\/v2\/pages"}],"about":[{"href":"https:\/\/syspro.com.ar\/sitio\/wp-json\/wp\/v2\/types\/page"}],"author":[{"embeddable":true,"href":"https:\/\/syspro.com.ar\/sitio\/wp-json\/wp\/v2\/users\/1"}],"replies":[{"embeddable":true,"href":"https:\/\/syspro.com.ar\/sitio\/wp-json\/wp\/v2\/comments?post=4101"}],"version-history":[{"count":8,"href":"https:\/\/syspro.com.ar\/sitio\/wp-json\/wp\/v2\/pages\/4101\/revisions"}],"predecessor-version":[{"id":6161,"href":"https:\/\/syspro.com.ar\/sitio\/wp-json\/wp\/v2\/pages\/4101\/revisions\/6161"}],"up":[{"embeddable":true,"href":"https:\/\/syspro.com.ar\/sitio\/wp-json\/wp\/v2\/pages\/8"}],"wp:attachment":[{"href":"https:\/\/syspro.com.ar\/sitio\/wp-json\/wp\/v2\/media?parent=4101"}],"curies":[{"name":"wp","href":"https:\/\/api.w.org\/{rel}","templated":true}]}}