{"id":4151,"date":"2016-05-26T23:07:39","date_gmt":"2016-05-27T02:07:39","guid":{"rendered":"http:\/\/www.syspro.com.ar\/sitio\/?page_id=4151"},"modified":"2025-09-15T13:11:37","modified_gmt":"2025-09-15T16:11:37","slug":"desarrolloweb","status":"publish","type":"page","link":"https:\/\/syspro.com.ar\/sitio\/home\/desarrolloweb\/","title":{"rendered":"Desarrollo Web"},"content":{"rendered":"<div id=\"pl-4151\"  class=\"panel-layout\" ><div id=\"pg-4151-0\"  class=\"panel-grid panel-has-style\" ><div class=\"siteorigin-panels-stretch panel-row-style panel-row-style-for-4151-0\" style=\"border-bottom: 1px solid #262626;background-image: url(https:\/\/syspro.com.ar\/sitio\/wp-content\/uploads\/2016\/05\/FSPLFPQBCZ-001-compressor.jpg);padding: 150px 0; \" data-stretch-type=\"full\" data-hasbg=\"hasbg\" data-overlay=\"true\" ><div id=\"pgc-4151-0-0\"  class=\"panel-grid-cell\" ><div id=\"panel-4151-0-0-0\" class=\"so-panel widget widget_sow-editor panel-first-child panel-last-child\" data-index=\"0\" ><div class=\"animated bounceInRight duration2 eds-on-scroll  panel-widget-style panel-widget-style-for-4151-0-0-0\" ><div\n\t\t\t\n\t\t\tclass=\"so-widget-sow-editor so-widget-sow-editor-base\"\n\t\t\t\n\t\t>\n<div class=\"siteorigin-widget-tinymce textwidget\">\n\t<h1 style=\"text-align: center;\"><span style=\"color: #e5e5e5;\"><strong>Desarrollo Web<\/strong><\/span><\/h1>\n<p style=\"text-align: center;\"><span style=\"text-decoration: underline;\"><span style=\"font-size: 16px; line-height: 1.5; color: #6394bf; text-decoration: underline;\">\u00a0 \u00a0 \u00a0 \u00a0 \u00a0 \u00a0 \u00a0 \u00a0 \u00a0 \u00a0 \u00a0 \u00a0 \u00a0 \u00a0 \u00a0\u00a0 <\/span><\/span><\/p>\n<\/div>\n<\/div><\/div><\/div><\/div><\/div><\/div><div id=\"pg-4151-1\"  class=\"panel-grid panel-has-style\" ><div class=\" down-scroller-row panel-row-style panel-row-style-for-4151-1\" style=\"color: #6394bf;padding: 0px 0; \" data-hascolor=\"hascolor\" data-overlay=\"true\" ><div id=\"pgc-4151-1-0\"  class=\"panel-grid-cell\" ><div id=\"panel-4151-1-0-0\" class=\"so-panel widget widget_text panel-first-child panel-last-child\" data-index=\"1\" >\t\t\t<div class=\"textwidget\"><a href=\"#pgc-4151-2-0\">&#xf107<\/a><\/div>\n\t\t<\/div><\/div><\/div><\/div><div id=\"pg-4151-2\"  class=\"panel-grid panel-has-style\" ><div class=\"web1 siteorigin-panels-stretch panel-row-style panel-row-style-for-4151-2\" style=\"padding: 100px 0; \" data-stretch-type=\"full\" data-overlay=\"true\" ><div id=\"pgc-4151-2-0\"  class=\"panel-grid-cell\" ><div id=\"panel-4151-2-0-0\" class=\"so-panel widget widget_sydney_services_type_a sydney_services_widget panel-first-child panel-last-child\" data-index=\"2\" >\t\t\t\r\n\t\t\t\t\t\t\t\t\t\t\t\t\t\t\t\t\t\t\t\t\t\t\t\t\t\t\t\t\t<div class=\"service col-md-4\">\r\n\t\t\t\t\t\t\t\t\t\t\t\t\t<div class=\"roll-icon-box\">\r\n\t\t\t\t\t\t\t\t\t\t\t\r\n\t\t\t\t\t\t\t\t\t<div class=\"icon\">\r\n\t\t\t\t\t\t\t\t\t\t\t\t\t\t\t\t\t\t\t\t\t<i class=\"fa fa-html5\"><\/i>\t\t\t\t\t\t\t\t\t\t\t\t\t\t\t\t\t\t\t<\/div>\r\n\t\t\t\t\t\t\t\t\t\t\t\t\t\t\t\t<div class=\"content\">\r\n\t\t\t\t\t\t\t\t\t<h3>\r\n\t\t\t\t\t\t\t\t\t\t\t\t\t\t\t\t\t\t\t\t\tHTML5 &#038; CSS3 &#038; JQUERY\t\t\t\t\t\t\t\t\t\t\t\t\t\t\t\t\t\t\t<\/h3>\r\n\t\t\t\t\t\t\t\t\t\t\t\t\t\t\t\t\t\r\n\t\t\t\t\t\t\t\t\t\t<p>Utilizamos las tres principales y mas avanzadas tecnolog\u00edas en programaci\u00f3n de sitios web.<\/p>\n\t\t\t\t\t\t\t\t\t\t\t\t\t\t\t\t\t<\/div><!--.info-->\t\r\n\t\t\t\t\t\t\t<\/div>\r\n\t\t\t\t\t\t<\/div>\r\n\t\t\t\t\t\t\t\t\t\t\t\t\t\t\t\t\t\t\t\t\t\t\t\t\t\t\t\t\t<div class=\"service col-md-4\">\r\n\t\t\t\t\t\t\t\t\t\t\t\t\t<div class=\"roll-icon-box\">\r\n\t\t\t\t\t\t\t\t\t\t\t\r\n\t\t\t\t\t\t\t\t\t<div class=\"icon\">\r\n\t\t\t\t\t\t\t\t\t\t\t\t\t\t\t\t\t\t\t\t\t<i class=\"fa fa-laptop\"><\/i>\t\t\t\t\t\t\t\t\t\t\t\t\t\t\t\t\t\t\t<\/div>\r\n\t\t\t\t\t\t\t\t\t\t\t\t\t\t\t\t<div class=\"content\">\r\n\t\t\t\t\t\t\t\t\t<h3>\r\n\t\t\t\t\t\t\t\t\t\t\t\t\t\t\t\t\t\t\t\t\tDesarrollo Web\t\t\t\t\t\t\t\t\t\t\t\t\t\t\t\t\t\t\t<\/h3>\r\n\t\t\t\t\t\t\t\t\t\t\t\t\t\t\t\t\t\r\n\t\t\t\t\t\t\t\t\t\t<p>Creamos una amplia gama de aplicaciones y sitios web especializ\u00e1ndonos en PHP\/MySQL\/.Net.<\/p>\n\t\t\t\t\t\t\t\t\t\t\t\t\t\t\t\t\t<\/div><!--.info-->\t\r\n\t\t\t\t\t\t\t<\/div>\r\n\t\t\t\t\t\t<\/div>\r\n\t\t\t\t\t\t\t\t\t\t\t\t\t\t\t\t\t\t\t\t\t\t\t\t\t\t\t\t\t<div class=\"service col-md-4\">\r\n\t\t\t\t\t\t\t\t\t\t\t\t\t<div class=\"roll-icon-box\">\r\n\t\t\t\t\t\t\t\t\t\t\t\r\n\t\t\t\t\t\t\t\t\t<div class=\"icon\">\r\n\t\t\t\t\t\t\t\t\t\t\t\t\t\t\t\t\t\t\t\t\t<i class=\"fa fa-globe\"><\/i>\t\t\t\t\t\t\t\t\t\t\t\t\t\t\t\t\t\t\t<\/div>\r\n\t\t\t\t\t\t\t\t\t\t\t\t\t\t\t\t<div class=\"content\">\r\n\t\t\t\t\t\t\t\t\t<h3>\r\n\t\t\t\t\t\t\t\t\t\t\t\t\t\t\t\t\t\t\t\t\tDominios y Hosting\t\t\t\t\t\t\t\t\t\t\t\t\t\t\t\t\t\t\t<\/h3>\r\n\t\t\t\t\t\t\t\t\t\t\t\t\t\t\t\t\t\r\n\t\t\t\t\t\t\t\t\t\t<p>Realizamos los tramites de Alta y Registro del dominio en la entidad reguladora.<\/p>\n\t\t\t\t\t\t\t\t\t\t\t\t\t\t\t\t\t<\/div><!--.info-->\t\r\n\t\t\t\t\t\t\t<\/div>\r\n\t\t\t\t\t\t<\/div>\r\n\t\t\t\t\t\r\n\t\t\t\t\t\t\t\t\r\n\t<\/div><\/div><\/div><\/div><div id=\"pg-4151-3\"  class=\"panel-grid panel-has-style\" ><div class=\"web2 siteorigin-panels-stretch panel-row-style panel-row-style-for-4151-3\" style=\"padding: 0px 0; \" data-stretch-type=\"full\" data-overlay=\"true\" ><div id=\"pgc-4151-3-0\"  class=\"panel-grid-cell\" ><div id=\"panel-4151-3-0-0\" class=\"so-panel widget widget_sydney_services_type_a sydney_services_widget panel-first-child panel-last-child\" data-index=\"3\" >\t\t\t\r\n\t\t\t\t\t\t\t\t\t\t\t\t\t\t\t\t\t\t\t\t\t\t\t\t\t\t\t\t\t<div class=\"service col-md-4\">\r\n\t\t\t\t\t\t\t\t\t\t\t\t\t<div class=\"roll-icon-box\">\r\n\t\t\t\t\t\t\t\t\t\t\t\r\n\t\t\t\t\t\t\t\t\t<div class=\"icon\">\r\n\t\t\t\t\t\t\t\t\t\t\t\t\t\t\t\t\t\t\t\t\t<i class=\"fa fa-object-group\"><\/i>\t\t\t\t\t\t\t\t\t\t\t\t\t\t\t\t\t\t\t<\/div>\r\n\t\t\t\t\t\t\t\t\t\t\t\t\t\t\t\t<div class=\"content\">\r\n\t\t\t\t\t\t\t\t\t<h3>\r\n\t\t\t\t\t\t\t\t\t\t\t\t\t\t\t\t\t\t\t\t\tDise\u00f1o UI\t\t\t\t\t\t\t\t\t\t\t\t\t\t\t\t\t\t\t<\/h3>\r\n\t\t\t\t\t\t\t\t\t\t\t\t\t\t\t\t\t\r\n\t\t\t\t\t\t\t\t\t\t<p>Dise\u00f1os agradables a la vista y sobre todo amigables, mejorando la interacci\u00f3n del usuario haci\u00e9ndola mas f\u00e1cil para su uso.<\/p>\n\t\t\t\t\t\t\t\t\t\t\t\t\t\t\t\t\t<\/div><!--.info-->\t\r\n\t\t\t\t\t\t\t<\/div>\r\n\t\t\t\t\t\t<\/div>\r\n\t\t\t\t\t\t\t\t\t\t\t\t\t\t\t\t\t\t\t\t\t\t\t\t\t\t\t\t\t<div class=\"service col-md-4\">\r\n\t\t\t\t\t\t\t\t\t\t\t\t\t<div class=\"roll-icon-box\">\r\n\t\t\t\t\t\t\t\t\t\t\t\r\n\t\t\t\t\t\t\t\t\t<div class=\"icon\">\r\n\t\t\t\t\t\t\t\t\t\t\t\t\t\t\t\t\t\t\t\t\t<i class=\"fa fa-wordpress\"><\/i>\t\t\t\t\t\t\t\t\t\t\t\t\t\t\t\t\t\t\t<\/div>\r\n\t\t\t\t\t\t\t\t\t\t\t\t\t\t\t\t<div class=\"content\">\r\n\t\t\t\t\t\t\t\t\t<h3>\r\n\t\t\t\t\t\t\t\t\t\t\t\t\t\t\t\t\t\t\t\t\tSitios Autogestionables\t\t\t\t\t\t\t\t\t\t\t\t\t\t\t\t\t\t\t<\/h3>\r\n\t\t\t\t\t\t\t\t\t\t\t\t\t\t\t\t\t\r\n\t\t\t\t\t\t\t\t\t\t<p>Una vez finalizado el desarrollo de su sitio tendr\u00e1 la capacidad de poder controlar y modificar su portal online como, desde y cuando pueda.<\/p>\n\t\t\t\t\t\t\t\t\t\t\t\t\t\t\t\t\t<\/div><!--.info-->\t\r\n\t\t\t\t\t\t\t<\/div>\r\n\t\t\t\t\t\t<\/div>\r\n\t\t\t\t\t\t\t\t\t\t\t\t\t\t\t\t\t\t\t\t\t\t\t\t\t\t\t\t\t<div class=\"service col-md-4\">\r\n\t\t\t\t\t\t\t\t\t\t\t\t\t<div class=\"roll-icon-box\">\r\n\t\t\t\t\t\t\t\t\t\t\t\r\n\t\t\t\t\t\t\t\t\t<div class=\"icon\">\r\n\t\t\t\t\t\t\t\t\t\t\t\t\t\t\t\t\t\t\t\t\t<i class=\"fa fa-shopping-cart\"><\/i>\t\t\t\t\t\t\t\t\t\t\t\t\t\t\t\t\t\t\t<\/div>\r\n\t\t\t\t\t\t\t\t\t\t\t\t\t\t\t\t<div class=\"content\">\r\n\t\t\t\t\t\t\t\t\t<h3>\r\n\t\t\t\t\t\t\t\t\t\t\t\t\t\t\t\t\t\t\t\t\tE-Commerce\t\t\t\t\t\t\t\t\t\t\t\t\t\t\t\t\t\t\t<\/h3>\r\n\t\t\t\t\t\t\t\t\t\t\t\t\t\t\t\t\t\r\n\t\t\t\t\t\t\t\t\t\t<p>Desarrollamos sitios optimizados para el comercio, la mejor forma de dar valor y de hacer crecer un nuevo negocio de ventas online.<\/p>\n\t\t\t\t\t\t\t\t\t\t\t\t\t\t\t\t\t<\/div><!--.info-->\t\r\n\t\t\t\t\t\t\t<\/div>\r\n\t\t\t\t\t\t<\/div>\r\n\t\t\t\t\t\r\n\t\t\t\t\t\t\t\t\r\n\t<\/div><\/div><\/div><\/div><div id=\"pg-4151-4\"  class=\"panel-grid panel-has-style\" ><div class=\"web4 siteorigin-panels-stretch panel-row-style panel-row-style-for-4151-4\" style=\"padding: 0px 0; \" data-stretch-type=\"full\" data-overlay=\"true\" ><div id=\"pgc-4151-4-0\"  class=\"panel-grid-cell\" ><div id=\"panel-4151-4-0-0\" class=\"so-panel widget widget_sydney_action sydney_action_widget panel-first-child panel-last-child\" data-index=\"4\" ><div class=\"panel-widget-style panel-widget-style-for-4151-4-0-0\" >        <div class=\"roll-promobox \">\r\n\t\t\t<div class=\"promo-wrap\">\r\n\t\t\t\t\t\t\t\t<div class=\"promo-controls\">\r\n\t\t\t\t\t<a href=\"#pg-4151-5\" class=\"roll-button border\">Ver M\u00e1s<\/a>\r\n\t\t\t\t<\/div>\r\n\t\t\t<\/div>\r\n        <\/div>\r\n\t<\/div><\/div><\/div><\/div><\/div><div id=\"pg-4151-5\"  class=\"panel-grid panel-has-style\" ><div class=\"web7 siteorigin-panels-stretch panel-row-style panel-row-style-for-4151-5\" style=\"border-bottom: 1px solid #000000;background-image: url(https:\/\/syspro.com.ar\/sitio\/wp-content\/uploads\/2016\/05\/30098975-bent-paper-corner-on-blue-background.jpg);padding: 100px 0; \" data-stretch-type=\"full\" data-hasbg=\"hasbg\" data-overlay=\"true\" ><div id=\"pgc-4151-5-0\"  class=\"panel-grid-cell\" ><div id=\"panel-4151-5-0-0\" class=\"so-panel widget widget_sydney_services_type_a sydney_services_widget panel-first-child panel-last-child\" data-index=\"5\" >\t\t\t\r\n\t\t\t\t\t\t\t\t\t\t\t\t\t\t\t\t\t\t\t\t\t\t\t\t\t\t\t\t\t<div class=\"service col-md-6\">\r\n\t\t\t\t\t\t\t\t\t\t\t\t\t<div class=\"roll-icon-box\">\r\n\t\t\t\t\t\t\t\t\t\t\t\r\n\t\t\t\t\t\t\t\t\t<div class=\"icon\">\r\n\t\t\t\t\t\t\t\t\t\t\t\t\t\t\t\t\t\t\t\t\t<i class=\"fa fa-mobile\"><\/i>\t\t\t\t\t\t\t\t\t\t\t\t\t\t\t\t\t\t\t<\/div>\r\n\t\t\t\t\t\t\t\t\t\t\t\t\t\t\t\t<div class=\"content\">\r\n\t\t\t\t\t\t\t\t\t<h3>\r\n\t\t\t\t\t\t\t\t\t\t\t\t\t\t\t\t\t\t\t\t\tInterfaz Adaptable\t\t\t\t\t\t\t\t\t\t\t\t\t\t\t\t\t\t\t<\/h3>\r\n\t\t\t\t\t\t\t\t\t\t\t\t\t\t\t\t\t\r\n\t\t\t\t\t\t\t\t\t\t<p>Nuestros sitios son adaptables en cualquier dispositivo m\u00f3vil tales como tablets o smartphones.<\/p>\n\t\t\t\t\t\t\t\t\t\t\t\t\t\t\t\t\t<\/div><!--.info-->\t\r\n\t\t\t\t\t\t\t<\/div>\r\n\t\t\t\t\t\t<\/div>\r\n\t\t\t\t\t\r\n\t\t\t\t\t\t\t\t\r\n\t<\/div><\/div><div id=\"pgc-4151-5-1\"  class=\"panel-grid-cell\" ><div id=\"panel-4151-5-1-0\" class=\"so-panel widget widget_sow-image panel-first-child panel-last-child\" data-index=\"6\" ><div\n\t\t\t\n\t\t\tclass=\"so-widget-sow-image so-widget-sow-image-default-3a2476c0e107-4224\"\n\t\t\t\n\t\t>\n<div class=\"sow-image-container\">\n\t\t<img \n\tsrc=\"https:\/\/syspro.com.ar\/sitio\/wp-content\/uploads\/2016\/05\/mac-responsive-compressor.png\" width=\"1024\" height=\"512\" srcset=\"https:\/\/syspro.com.ar\/sitio\/wp-content\/uploads\/2016\/05\/mac-responsive-compressor.png 1024w, https:\/\/syspro.com.ar\/sitio\/wp-content\/uploads\/2016\/05\/mac-responsive-compressor-300x150.png 300w, https:\/\/syspro.com.ar\/sitio\/wp-content\/uploads\/2016\/05\/mac-responsive-compressor-768x384.png 768w, https:\/\/syspro.com.ar\/sitio\/wp-content\/uploads\/2016\/05\/mac-responsive-compressor-480x240.png 480w, https:\/\/syspro.com.ar\/sitio\/wp-content\/uploads\/2016\/05\/mac-responsive-compressor-830x415.png 830w, https:\/\/syspro.com.ar\/sitio\/wp-content\/uploads\/2016\/05\/mac-responsive-compressor-230x115.png 230w, https:\/\/syspro.com.ar\/sitio\/wp-content\/uploads\/2016\/05\/mac-responsive-compressor-350x175.png 350w\" sizes=\"(max-width: 1024px) 100vw, 1024px\" alt=\"\" \t\tclass=\"so-widget-image\"\/>\n\t<\/div>\n\n<\/div><\/div><\/div><\/div><\/div><div id=\"pg-4151-6\"  class=\"panel-grid panel-has-style\" ><div class=\"video1 siteorigin-panels-stretch panel-row-style panel-row-style-for-4151-6\" style=\"border-bottom: 1px solid #383838;background-image: url(https:\/\/syspro.com.ar\/sitio\/wp-content\/uploads\/2016\/05\/poster.jpg);padding: 100px 0; \" data-stretch-type=\"full\" data-hasbg=\"hasbg\" data-overlay=\"true\" data-overlay-color=\"#000000\" ><div id=\"pgc-4151-6-0\"  class=\"panel-grid-cell\" ><div id=\"panel-4151-6-0-0\" class=\"so-panel widget widget_sydney_action sydney_action_widget panel-first-child panel-last-child\" data-index=\"7\" >        <div class=\"roll-promobox \">\r\n\t\t\t<div class=\"promo-wrap\">\r\n\t\t\t\t\t\t\t\t<div class=\"promo-content\">\r\n\t\t\t\t\t<h3 class=\"title\">Antes de ponerte en contacto observa nuestros dise\u00f1os...<\/h3>\r\n\t\t\t\t<\/div>\r\n\t\t\t\t\t\t\t\t<div class=\"promo-controls\">\r\n\t\t\t\t\t<a href=\"#pg-4151-7\" class=\"roll-button border\">Portfolio<\/a>\r\n\t\t\t\t<\/div>\r\n\t\t\t<\/div>\r\n        <\/div>\r\n\t<\/div><\/div><div id=\"pgc-4151-6-1\"  class=\"panel-grid-cell\" ><div id=\"panel-4151-6-1-0\" class=\"so-panel widget widget_sydney_action sydney_action_widget panel-first-child panel-last-child\" data-index=\"8\" >        <div class=\"roll-promobox \">\r\n\t\t\t<div class=\"promo-wrap\">\r\n\t\t\t\t\t\t\t\t<div class=\"promo-content\">\r\n\t\t\t\t\t<h3 class=\"title\">\u00bfEst\u00e1s interesado en nuestros proyectos? <\/h3>\r\n\t\t\t\t<\/div>\r\n\t\t\t\t\t\t\t\t<div class=\"promo-controls\">\r\n\t\t\t\t\t<a href=\"https:\/\/syspro.com.ar\/sitio\/home\/contacto\/\" class=\"roll-button border\">Contacto<\/a>\r\n\t\t\t\t<\/div>\r\n\t\t\t<\/div>\r\n        <\/div>\r\n\t<\/div><\/div><\/div><\/div><div id=\"pg-4151-7\"  class=\"panel-grid panel-has-style\" ><div class=\"web6 siteorigin-panels-stretch panel-row-style panel-row-style-for-4151-7\" style=\"border-bottom: 1px solid #e5e5e5;padding: 0px 0; \" data-stretch-type=\"full-width-stretch\" data-overlay=\"true\" ><div id=\"pgc-4151-7-0\"  class=\"panel-grid-cell\" ><div id=\"panel-4151-7-0-0\" class=\"so-panel widget widget_text panel-first-child panel-last-child\" data-index=\"9\" >\t\t\t<div class=\"textwidget\"><\/div>\n\t\t<\/div><\/div><\/div><\/div><div id=\"pg-4151-8\"  class=\"panel-grid panel-has-style\" ><div class=\"web3 siteorigin-panels-stretch panel-row-style panel-row-style-for-4151-8\" style=\"border-bottom: 1px solid #000000;color: #e5e5e5;padding: 0px 0; \" data-stretch-type=\"full-width-stretch\" data-hascolor=\"hascolor\" data-overlay=\"true\" ><div id=\"pgc-4151-8-0\"  class=\"panel-grid-cell\" ><div id=\"panel-4151-8-0-0\" class=\"so-panel widget widget_text panel-first-child panel-last-child\" data-index=\"10\" ><h3 class=\"widget-title\">Portfolio<\/h3>\t\t\t<div class=\"textwidget\"><div class=\"roll-project fullwidth\"><div class=\"project-wrap\" id=\"isotope-container\" data-portfolio-effect=\"fadeInUp\"><div class=\"project-item item isotope-item dweb \"><a class=\"project-pop\" rel=\"lightbox[305]\" href=\"https:\/\/syspro.com.ar\/sitio\/wp-content\/uploads\/2016\/06\/wb1.png\"><div class=\"project-pop\"><\/div><div class=\"project-title\">Dise\u00f1o Multiprop\u00f3sito<\/div><\/a><a href=\"https:\/\/syspro.com.ar\/sitio\/?p=4262\"><img loading=\"lazy\" decoding=\"async\" width=\"480\" height=\"360\" src=\"https:\/\/syspro.com.ar\/sitio\/wp-content\/uploads\/2016\/06\/wb1-480x360.png\" class=\"attachment-sydney-mas-thumb size-sydney-mas-thumb wp-post-image\" alt=\"\" srcset=\"https:\/\/syspro.com.ar\/sitio\/wp-content\/uploads\/2016\/06\/wb1-480x360.png 480w, https:\/\/syspro.com.ar\/sitio\/wp-content\/uploads\/2016\/06\/wb1-300x225.png 300w, https:\/\/syspro.com.ar\/sitio\/wp-content\/uploads\/2016\/06\/wb1-768x576.png 768w, https:\/\/syspro.com.ar\/sitio\/wp-content\/uploads\/2016\/06\/wb1-830x623.png 830w, https:\/\/syspro.com.ar\/sitio\/wp-content\/uploads\/2016\/06\/wb1-230x173.png 230w, https:\/\/syspro.com.ar\/sitio\/wp-content\/uploads\/2016\/06\/wb1-350x263.png 350w, https:\/\/syspro.com.ar\/sitio\/wp-content\/uploads\/2016\/06\/wb1.png 880w\" sizes=\"auto, (max-width: 480px) 100vw, 480px\" \/><\/a><\/div><div class=\"project-item item isotope-item dweb \"><a class=\"project-pop\" rel=\"lightbox[305]\" href=\"https:\/\/syspro.com.ar\/sitio\/wp-content\/uploads\/2016\/06\/wb3.png\"><div class=\"project-pop\"><\/div><div class=\"project-title\">Dise\u00f1o Ejecutivo<\/div><\/a><a href=\"https:\/\/syspro.com.ar\/sitio\/?p=4260\"><img loading=\"lazy\" decoding=\"async\" width=\"480\" height=\"360\" src=\"https:\/\/syspro.com.ar\/sitio\/wp-content\/uploads\/2016\/06\/wb3-480x360.png\" class=\"attachment-sydney-mas-thumb size-sydney-mas-thumb wp-post-image\" alt=\"\" srcset=\"https:\/\/syspro.com.ar\/sitio\/wp-content\/uploads\/2016\/06\/wb3-480x360.png 480w, https:\/\/syspro.com.ar\/sitio\/wp-content\/uploads\/2016\/06\/wb3-300x225.png 300w, https:\/\/syspro.com.ar\/sitio\/wp-content\/uploads\/2016\/06\/wb3-768x576.png 768w, https:\/\/syspro.com.ar\/sitio\/wp-content\/uploads\/2016\/06\/wb3-830x623.png 830w, https:\/\/syspro.com.ar\/sitio\/wp-content\/uploads\/2016\/06\/wb3-230x173.png 230w, https:\/\/syspro.com.ar\/sitio\/wp-content\/uploads\/2016\/06\/wb3-350x263.png 350w, https:\/\/syspro.com.ar\/sitio\/wp-content\/uploads\/2016\/06\/wb3.png 880w\" sizes=\"auto, (max-width: 480px) 100vw, 480px\" \/><\/a><\/div><div class=\"project-item item isotope-item dweb \"><a class=\"project-pop\" rel=\"lightbox[305]\" href=\"https:\/\/syspro.com.ar\/sitio\/wp-content\/uploads\/2016\/06\/wb2.png\"><div class=\"project-pop\"><\/div><div class=\"project-title\">Dise\u00f1o Gastronomico<\/div><\/a><a href=\"https:\/\/syspro.com.ar\/sitio\/?p=4258\"><img loading=\"lazy\" decoding=\"async\" width=\"480\" height=\"360\" src=\"https:\/\/syspro.com.ar\/sitio\/wp-content\/uploads\/2016\/06\/wb2-480x360.png\" class=\"attachment-sydney-mas-thumb size-sydney-mas-thumb wp-post-image\" alt=\"\" srcset=\"https:\/\/syspro.com.ar\/sitio\/wp-content\/uploads\/2016\/06\/wb2-480x360.png 480w, https:\/\/syspro.com.ar\/sitio\/wp-content\/uploads\/2016\/06\/wb2-300x225.png 300w, https:\/\/syspro.com.ar\/sitio\/wp-content\/uploads\/2016\/06\/wb2-768x576.png 768w, https:\/\/syspro.com.ar\/sitio\/wp-content\/uploads\/2016\/06\/wb2-830x623.png 830w, https:\/\/syspro.com.ar\/sitio\/wp-content\/uploads\/2016\/06\/wb2-230x173.png 230w, https:\/\/syspro.com.ar\/sitio\/wp-content\/uploads\/2016\/06\/wb2-350x263.png 350w, https:\/\/syspro.com.ar\/sitio\/wp-content\/uploads\/2016\/06\/wb2.png 880w\" sizes=\"auto, (max-width: 480px) 100vw, 480px\" \/><\/a><\/div><div class=\"project-item item isotope-item dweb \"><a class=\"project-pop\" rel=\"lightbox[305]\" href=\"https:\/\/syspro.com.ar\/sitio\/wp-content\/uploads\/2016\/06\/wb5.png\"><div class=\"project-pop\"><\/div><div class=\"project-title\">Dise\u00f1o Vanguardista<\/div><\/a><a href=\"https:\/\/syspro.com.ar\/sitio\/?p=4256\"><img loading=\"lazy\" decoding=\"async\" width=\"480\" height=\"360\" src=\"https:\/\/syspro.com.ar\/sitio\/wp-content\/uploads\/2016\/06\/wb5-480x360.png\" class=\"attachment-sydney-mas-thumb size-sydney-mas-thumb wp-post-image\" alt=\"\" srcset=\"https:\/\/syspro.com.ar\/sitio\/wp-content\/uploads\/2016\/06\/wb5-480x360.png 480w, https:\/\/syspro.com.ar\/sitio\/wp-content\/uploads\/2016\/06\/wb5-300x225.png 300w, https:\/\/syspro.com.ar\/sitio\/wp-content\/uploads\/2016\/06\/wb5-768x576.png 768w, https:\/\/syspro.com.ar\/sitio\/wp-content\/uploads\/2016\/06\/wb5-830x623.png 830w, https:\/\/syspro.com.ar\/sitio\/wp-content\/uploads\/2016\/06\/wb5-230x173.png 230w, https:\/\/syspro.com.ar\/sitio\/wp-content\/uploads\/2016\/06\/wb5-350x263.png 350w, https:\/\/syspro.com.ar\/sitio\/wp-content\/uploads\/2016\/06\/wb5.png 880w\" sizes=\"auto, (max-width: 480px) 100vw, 480px\" \/><\/a><\/div><div class=\"project-item item isotope-item dweb \"><a class=\"project-pop\" rel=\"lightbox[305]\" href=\"https:\/\/syspro.com.ar\/sitio\/wp-content\/uploads\/2016\/06\/wb4.png\"><div class=\"project-pop\"><\/div><div class=\"project-title\">Dise\u00f1o Comercial<\/div><\/a><a href=\"https:\/\/syspro.com.ar\/sitio\/?p=4254\"><img loading=\"lazy\" decoding=\"async\" width=\"480\" height=\"360\" src=\"https:\/\/syspro.com.ar\/sitio\/wp-content\/uploads\/2016\/06\/wb4-480x360.png\" class=\"attachment-sydney-mas-thumb size-sydney-mas-thumb wp-post-image\" alt=\"\" srcset=\"https:\/\/syspro.com.ar\/sitio\/wp-content\/uploads\/2016\/06\/wb4-480x360.png 480w, https:\/\/syspro.com.ar\/sitio\/wp-content\/uploads\/2016\/06\/wb4-300x225.png 300w, https:\/\/syspro.com.ar\/sitio\/wp-content\/uploads\/2016\/06\/wb4-768x576.png 768w, https:\/\/syspro.com.ar\/sitio\/wp-content\/uploads\/2016\/06\/wb4-830x623.png 830w, https:\/\/syspro.com.ar\/sitio\/wp-content\/uploads\/2016\/06\/wb4-230x173.png 230w, https:\/\/syspro.com.ar\/sitio\/wp-content\/uploads\/2016\/06\/wb4-350x263.png 350w, https:\/\/syspro.com.ar\/sitio\/wp-content\/uploads\/2016\/06\/wb4.png 880w\" sizes=\"auto, (max-width: 480px) 100vw, 480px\" \/><\/a><\/div><\/div><\/div><\/div>\n\t\t<\/div><\/div><\/div><\/div><div id=\"pg-4151-9\"  class=\"panel-grid panel-has-style\" ><div class=\"siteorigin-panels-stretch panel-row-style panel-row-style-for-4151-9\" style=\"padding: 30px 0; \" data-stretch-type=\"full\" data-overlay=\"true\" data-overlay-color=\"#000000\" ><div id=\"pgc-4151-9-0\"  class=\"panel-grid-cell\" ><div id=\"panel-4151-9-0-0\" class=\"so-panel widget widget_fp_social panel-first-child panel-last-child\" data-index=\"11\" ><div class=\" animated pulse duration20 infinite panel-widget-style panel-widget-style-for-4151-9-0-0\" >\t\t\t\t\t\t<div class=\"menu-social-container\"><ul id=\"menu-social\" class=\"menu social-menu-widget clearfix\"><li id=\"menu-item-2527\" class=\"menu-item menu-item-type-custom menu-item-object-custom menu-item-2527\"><a href=\"https:\/\/www.facebook.com\/SysPro-Consulting-227801363931833\/\"><span class=\"screen-reader-text\">Facebook<\/span><\/a><\/li>\n<li id=\"menu-item-2523\" class=\"menu-item menu-item-type-custom menu-item-object-custom menu-item-2523\"><a href=\"https:\/\/twitter.com\/sysproArg\"><span class=\"screen-reader-text\">Twitter<\/span><\/a><\/li>\n<li id=\"menu-item-2839\" class=\"menu-item menu-item-type-custom menu-item-object-custom menu-item-2839\"><a href=\"https:\/\/linkedin.com\"><span class=\"screen-reader-text\">Linkedin<\/span><\/a><\/li>\n<li id=\"menu-item-2840\" class=\"menu-item menu-item-type-custom menu-item-object-custom menu-item-2840\"><a href=\"https:\/\/www.youtube.com\/channel\/UCRbihV-4nQFX8N6xwjNrm_w\"><span class=\"screen-reader-text\">Youtube<\/span><\/a><\/li>\n<!--<pre>--><!--<\/pre>--><\/ul><\/div>\t\r\n\t\t<\/div><\/div><\/div><\/div><\/div><\/div>","protected":false},"excerpt":{"rendered":"<p>Desarrollo Web \u00a0 \u00a0 \u00a0 \u00a0 \u00a0 \u00a0 \u00a0 \u00a0 \u00a0 \u00a0 \u00a0 \u00a0 \u00a0 \u00a0 \u00a0\u00a0 &#038;#xf107 Portfolio Dise\u00f1o Multiprop\u00f3sito Dise\u00f1o Ejecutivo Dise\u00f1o Gastronomico Dise\u00f1o Vanguardista Dise\u00f1o Comercial<\/p>\n","protected":false},"author":1,"featured_media":0,"parent":8,"menu_order":0,"comment_status":"closed","ping_status":"closed","template":"page-templates\/page_front-page.php","meta":{"_bbp_topic_count":0,"_bbp_reply_count":0,"_bbp_total_topic_count":0,"_bbp_total_reply_count":0,"_bbp_voice_count":0,"_bbp_anonymous_reply_count":0,"_bbp_topic_count_hidden":0,"_bbp_reply_count_hidden":0,"_bbp_forum_subforum_count":0,"footnotes":""},"class_list":["post-4151","page","type-page","status-publish","hentry"],"_links":{"self":[{"href":"https:\/\/syspro.com.ar\/sitio\/wp-json\/wp\/v2\/pages\/4151","targetHints":{"allow":["GET"]}}],"collection":[{"href":"https:\/\/syspro.com.ar\/sitio\/wp-json\/wp\/v2\/pages"}],"about":[{"href":"https:\/\/syspro.com.ar\/sitio\/wp-json\/wp\/v2\/types\/page"}],"author":[{"embeddable":true,"href":"https:\/\/syspro.com.ar\/sitio\/wp-json\/wp\/v2\/users\/1"}],"replies":[{"embeddable":true,"href":"https:\/\/syspro.com.ar\/sitio\/wp-json\/wp\/v2\/comments?post=4151"}],"version-history":[{"count":40,"href":"https:\/\/syspro.com.ar\/sitio\/wp-json\/wp\/v2\/pages\/4151\/revisions"}],"predecessor-version":[{"id":6244,"href":"https:\/\/syspro.com.ar\/sitio\/wp-json\/wp\/v2\/pages\/4151\/revisions\/6244"}],"up":[{"embeddable":true,"href":"https:\/\/syspro.com.ar\/sitio\/wp-json\/wp\/v2\/pages\/8"}],"wp:attachment":[{"href":"https:\/\/syspro.com.ar\/sitio\/wp-json\/wp\/v2\/media?parent=4151"}],"curies":[{"name":"wp","href":"https:\/\/api.w.org\/{rel}","templated":true}]}}